{"id":33881,"date":"2025-06-27T02:51:39","date_gmt":"2025-06-27T10:51:39","guid":{"rendered":"http:\/\/45.63.70.205\/?post_type=product&#038;p=33881"},"modified":"2025-07-07T16:52:56","modified_gmt":"2025-07-07T08:52:56","slug":"pink-safety-scissors-for-kids-crafts","status":"publish","type":"product","link":"http:\/\/shinyyoustationery.com\/pt\/pink-safety-scissors-for-kids-crafts\/","title":{"rendered":"Tesoura de seguran\u00e7a cor-de-rosa para crian\u00e7as e trabalhos manuais"},"content":{"rendered":"","protected":false},"excerpt":{"rendered":"<p data-start=\"105\" data-end=\"578\">Um estojo para l\u00e1pis roxo brilhante, elegante e moderno, concebido para utiliza\u00e7\u00e3o di\u00e1ria. Perfeito para estudantes e profissionais, este estojo mant\u00e9m as suas canetas, l\u00e1pis e outros pequenos acess\u00f3rios organizados, ao mesmo tempo que d\u00e1 um toque de cor ao seu espa\u00e7o de trabalho. Ideal para a escola, escrit\u00f3rio ou viagens!<\/p>","protected":false},"featured_media":33882,"template":"","meta":[],"product_brand":[],"product_cat":[700,397,425],"product_tag":[],"class_list":{"0":"post-33881","1":"product","2":"type-product","3":"status-publish","4":"has-post-thumbnail","6":"product_cat-hot-pink-power-girl-collection","7":"product_cat-basic-office-stationery","8":"product_cat-scissor","10":"first","11":"instock","12":"shipping-taxable","13":"product-type-simple"},"_links":{"self":[{"href":"http:\/\/shinyyoustationery.com\/pt\/wp-json\/wp\/v2\/product\/33881","targetHints":{"allow":["GET"]}}],"collection":[{"href":"http:\/\/shinyyoustationery.com\/pt\/wp-json\/wp\/v2\/product"}],"about":[{"href":"http:\/\/shinyyoustationery.com\/pt\/wp-json\/wp\/v2\/types\/product"}],"version-history":[{"count":0,"href":"http:\/\/shinyyoustationery.com\/pt\/wp-json\/wp\/v2\/product\/33881\/revisions"}],"wp:featuredmedia":[{"embeddable":true,"href":"http:\/\/shinyyoustationery.com\/pt\/wp-json\/wp\/v2\/media\/33882"}],"wp:attachment":[{"href":"http:\/\/shinyyoustationery.com\/pt\/wp-json\/wp\/v2\/media?parent=33881"}],"wp:term":[{"taxonomy":"product_brand","embeddable":true,"href":"http:\/\/shinyyoustationery.com\/pt\/wp-json\/wp\/v2\/product_brand?post=33881"},{"taxonomy":"product_cat","embeddable":true,"href":"http:\/\/shinyyoustationery.com\/pt\/wp-json\/wp\/v2\/product_cat?post=33881"},{"taxonomy":"product_tag","embeddable":true,"href":"http:\/\/shinyyoustationery.com\/pt\/wp-json\/wp\/v2\/product_tag?post=33881"}],"curies":[{"name":"wp","href":"https:\/\/api.w.org\/{rel}","templated":true}]}}