{"id":33885,"date":"2025-06-27T03:13:02","date_gmt":"2025-06-27T11:13:02","guid":{"rendered":"http:\/\/45.63.70.205\/?post_type=product&#038;p=33885"},"modified":"2025-07-07T15:19:14","modified_gmt":"2025-07-07T07:19:14","slug":"pink-metallic-padded-pencil-case-stylish-durable-and-perfect-for-school","status":"publish","type":"product","link":"http:\/\/shinyyoustationery.com\/pt\/pink-metallic-padded-pencil-case-stylish-durable-and-perfect-for-school\/","title":{"rendered":"Estojo acolchoado met\u00e1lico cor-de-rosa - elegante, duradouro e perfeito para a escola"},"content":{"rendered":"","protected":false},"excerpt":{"rendered":"<p data-start=\"105\" data-end=\"578\">Este estojo met\u00e1lico rosa moderno apresenta um design acolchoado e acolchoado que acrescenta um toque de estilo, protegendo simultaneamente os seus artigos de papelaria. Ideal para estudantes e jovens profissionais, proporciona um acesso f\u00e1cil e uma arruma\u00e7\u00e3o segura para canetas, l\u00e1pis e outros objectos pequenos. A cor viva e o design elegante tornam-na perfeita para quem quer dar um toque de cor ao seu material escolar ou de escrit\u00f3rio. Uma \u00f3ptima prenda para o regresso \u00e0s aulas ou como um acess\u00f3rio de escrit\u00f3rio divertido!<\/p>","protected":false},"featured_media":33886,"template":"","meta":[],"product_brand":[],"product_cat":[700,477,520],"product_tag":[],"class_list":{"0":"post-33885","1":"product","2":"type-product","3":"status-publish","4":"has-post-thumbnail","6":"product_cat-hot-pink-power-girl-collection","7":"product_cat-school-bags","8":"product_cat-pencil-case-pouch","10":"first","11":"instock","12":"shipping-taxable","13":"product-type-simple"},"_links":{"self":[{"href":"http:\/\/shinyyoustationery.com\/pt\/wp-json\/wp\/v2\/product\/33885","targetHints":{"allow":["GET"]}}],"collection":[{"href":"http:\/\/shinyyoustationery.com\/pt\/wp-json\/wp\/v2\/product"}],"about":[{"href":"http:\/\/shinyyoustationery.com\/pt\/wp-json\/wp\/v2\/types\/product"}],"version-history":[{"count":0,"href":"http:\/\/shinyyoustationery.com\/pt\/wp-json\/wp\/v2\/product\/33885\/revisions"}],"wp:featuredmedia":[{"embeddable":true,"href":"http:\/\/shinyyoustationery.com\/pt\/wp-json\/wp\/v2\/media\/33886"}],"wp:attachment":[{"href":"http:\/\/shinyyoustationery.com\/pt\/wp-json\/wp\/v2\/media?parent=33885"}],"wp:term":[{"taxonomy":"product_brand","embeddable":true,"href":"http:\/\/shinyyoustationery.com\/pt\/wp-json\/wp\/v2\/product_brand?post=33885"},{"taxonomy":"product_cat","embeddable":true,"href":"http:\/\/shinyyoustationery.com\/pt\/wp-json\/wp\/v2\/product_cat?post=33885"},{"taxonomy":"product_tag","embeddable":true,"href":"http:\/\/shinyyoustationery.com\/pt\/wp-json\/wp\/v2\/product_tag?post=33885"}],"curies":[{"name":"wp","href":"https:\/\/api.w.org\/{rel}","templated":true}]}}