{"id":33897,"date":"2025-06-27T03:27:12","date_gmt":"2025-06-27T11:27:12","guid":{"rendered":"http:\/\/45.63.70.205\/?post_type=product&#038;p=33897"},"modified":"2025-07-07T15:18:54","modified_gmt":"2025-07-07T07:18:54","slug":"fun-pink-cactus-shaped-pencil-case-perfect-for-kids-students","status":"publish","type":"product","link":"http:\/\/shinyyoustationery.com\/pt\/fun-pink-cactus-shaped-pencil-case-perfect-for-kids-students\/","title":{"rendered":"Divertido estojo em forma de cato cor-de-rosa - perfeito para crian\u00e7as e estudantes"},"content":{"rendered":"","protected":false},"excerpt":{"rendered":"<p>Este jogo l\u00fadico <strong data-start=\"111\" data-end=\"145\">estojo para l\u00e1pis em forma de cato cor-de-rosa<\/strong> \u00e9 ideal para crian\u00e7as e estudantes que procuram dar um toque de divers\u00e3o ao seu material escolar. O seu design \u00fanico, completo com um fecho de correr com bra\u00e7o de cato, torna-o um acess\u00f3rio funcional e caprichoso para organizar canetas, l\u00e1pis e outros pequenos artigos de papelaria. Perfeito para a escola ou para actividades criativas, este bonito estojo para l\u00e1pis \u00e9 indispens\u00e1vel para quem gosta de objectos peculiares e coloridos.<\/p>","protected":false},"featured_media":33899,"template":"","meta":[],"product_brand":[],"product_cat":[700,477,520],"product_tag":[],"class_list":{"0":"post-33897","1":"product","2":"type-product","3":"status-publish","4":"has-post-thumbnail","6":"product_cat-hot-pink-power-girl-collection","7":"product_cat-school-bags","8":"product_cat-pencil-case-pouch","10":"first","11":"instock","12":"shipping-taxable","13":"product-type-simple"},"_links":{"self":[{"href":"http:\/\/shinyyoustationery.com\/pt\/wp-json\/wp\/v2\/product\/33897","targetHints":{"allow":["GET"]}}],"collection":[{"href":"http:\/\/shinyyoustationery.com\/pt\/wp-json\/wp\/v2\/product"}],"about":[{"href":"http:\/\/shinyyoustationery.com\/pt\/wp-json\/wp\/v2\/types\/product"}],"version-history":[{"count":0,"href":"http:\/\/shinyyoustationery.com\/pt\/wp-json\/wp\/v2\/product\/33897\/revisions"}],"wp:featuredmedia":[{"embeddable":true,"href":"http:\/\/shinyyoustationery.com\/pt\/wp-json\/wp\/v2\/media\/33899"}],"wp:attachment":[{"href":"http:\/\/shinyyoustationery.com\/pt\/wp-json\/wp\/v2\/media?parent=33897"}],"wp:term":[{"taxonomy":"product_brand","embeddable":true,"href":"http:\/\/shinyyoustationery.com\/pt\/wp-json\/wp\/v2\/product_brand?post=33897"},{"taxonomy":"product_cat","embeddable":true,"href":"http:\/\/shinyyoustationery.com\/pt\/wp-json\/wp\/v2\/product_cat?post=33897"},{"taxonomy":"product_tag","embeddable":true,"href":"http:\/\/shinyyoustationery.com\/pt\/wp-json\/wp\/v2\/product_tag?post=33897"}],"curies":[{"name":"wp","href":"https:\/\/api.w.org\/{rel}","templated":true}]}}