{"id":33919,"date":"2025-06-27T04:06:06","date_gmt":"2025-06-27T12:06:06","guid":{"rendered":"http:\/\/45.63.70.205\/?post_type=product&#038;p=33919"},"modified":"2025-07-07T15:23:25","modified_gmt":"2025-07-07T07:23:25","slug":"pink-lip-shaped-coin-purse-fun-and-compact-for-kids-teens","status":"publish","type":"product","link":"http:\/\/shinyyoustationery.com\/pt\/pink-lip-shaped-coin-purse-fun-and-compact-for-kids-teens\/","title":{"rendered":"Porta-moedas cor-de-rosa em forma de l\u00e1bio - Divertido e compacto para crian\u00e7as e adolescentes"},"content":{"rendered":"","protected":false},"excerpt":{"rendered":"<p>Este <strong data-start=\"106\" data-end=\"136\">Porta-moedas cor-de-rosa em forma de l\u00e1bio<\/strong> \u00e9 perfeita para dar um toque l\u00fadico aos seus acess\u00f3rios. Feita de material dur\u00e1vel e brilhante, esta bolsa \u00fanica apresenta um divertido design de l\u00e1bios e \u00e9 ideal para guardar moedas, pequenos trocos ou outros pequenos objectos essenciais. Compacta e gira, \u00e9 perfeita para crian\u00e7as, adolescentes ou qualquer pessoa que adore acess\u00f3rios peculiares e apelativos. \u00d3timo para uso di\u00e1rio ou como um presente divertido!<\/p>","protected":false},"featured_media":33920,"template":"","meta":[],"product_brand":[],"product_cat":[716,477,700],"product_tag":[],"class_list":{"0":"post-33919","1":"product","2":"type-product","3":"status-publish","4":"has-post-thumbnail","6":"product_cat-coin-purse","7":"product_cat-school-bags","8":"product_cat-hot-pink-power-girl-collection","10":"first","11":"instock","12":"shipping-taxable","13":"product-type-simple"},"_links":{"self":[{"href":"http:\/\/shinyyoustationery.com\/pt\/wp-json\/wp\/v2\/product\/33919","targetHints":{"allow":["GET"]}}],"collection":[{"href":"http:\/\/shinyyoustationery.com\/pt\/wp-json\/wp\/v2\/product"}],"about":[{"href":"http:\/\/shinyyoustationery.com\/pt\/wp-json\/wp\/v2\/types\/product"}],"version-history":[{"count":0,"href":"http:\/\/shinyyoustationery.com\/pt\/wp-json\/wp\/v2\/product\/33919\/revisions"}],"wp:featuredmedia":[{"embeddable":true,"href":"http:\/\/shinyyoustationery.com\/pt\/wp-json\/wp\/v2\/media\/33920"}],"wp:attachment":[{"href":"http:\/\/shinyyoustationery.com\/pt\/wp-json\/wp\/v2\/media?parent=33919"}],"wp:term":[{"taxonomy":"product_brand","embeddable":true,"href":"http:\/\/shinyyoustationery.com\/pt\/wp-json\/wp\/v2\/product_brand?post=33919"},{"taxonomy":"product_cat","embeddable":true,"href":"http:\/\/shinyyoustationery.com\/pt\/wp-json\/wp\/v2\/product_cat?post=33919"},{"taxonomy":"product_tag","embeddable":true,"href":"http:\/\/shinyyoustationery.com\/pt\/wp-json\/wp\/v2\/product_tag?post=33919"}],"curies":[{"name":"wp","href":"https:\/\/api.w.org\/{rel}","templated":true}]}}