{"id":33930,"date":"2025-06-27T04:20:33","date_gmt":"2025-06-27T12:20:33","guid":{"rendered":"http:\/\/45.63.70.205\/?post_type=product&#038;p=33930"},"modified":"2025-06-27T04:20:33","modified_gmt":"2025-06-27T12:20:33","slug":"gradient-pink-water-bottle-with-stainless-steel-straw-for-school-office","status":"publish","type":"product","link":"http:\/\/shinyyoustationery.com\/pt\/gradient-pink-water-bottle-with-stainless-steel-straw-for-school-office\/","title":{"rendered":"Garrafa de \u00e1gua cor-de-rosa gradiente com palhinha de a\u00e7o inoxid\u00e1vel para a escola e o escrit\u00f3rio"},"content":{"rendered":"","protected":false},"excerpt":{"rendered":"<p>Mantenha-se hidratado em grande estilo com este <strong data-start=\"162\" data-end=\"192\">Garrafa de \u00e1gua cor-de-rosa gradiente<\/strong>. Com uma bonita transi\u00e7\u00e3o de cores do rosa para o laranja, este biber\u00e3o foi concebido para ser visual e funcional. A palhinha dur\u00e1vel em a\u00e7o inoxid\u00e1vel facilita a bebida em movimento, enquanto a tampa segura e rotativa garante que n\u00e3o h\u00e1 derrames. Perfeita para estudantes, trabalhadores de escrit\u00f3rio ou viajantes, esta garrafa de \u00e1gua elegante e moderna \u00e9 ideal para transportar as suas bebidas para onde quer que v\u00e1.<\/p>","protected":false},"featured_media":33931,"template":"","meta":[],"product_brand":[],"product_cat":[405,700,541],"product_tag":[],"class_list":{"0":"post-33930","1":"product","2":"type-product","3":"status-publish","4":"has-post-thumbnail","6":"product_cat-cups-bottles","7":"product_cat-hot-pink-power-girl-collection","8":"product_cat-bottle","10":"first","11":"instock","12":"shipping-taxable","13":"product-type-simple"},"_links":{"self":[{"href":"http:\/\/shinyyoustationery.com\/pt\/wp-json\/wp\/v2\/product\/33930","targetHints":{"allow":["GET"]}}],"collection":[{"href":"http:\/\/shinyyoustationery.com\/pt\/wp-json\/wp\/v2\/product"}],"about":[{"href":"http:\/\/shinyyoustationery.com\/pt\/wp-json\/wp\/v2\/types\/product"}],"version-history":[{"count":0,"href":"http:\/\/shinyyoustationery.com\/pt\/wp-json\/wp\/v2\/product\/33930\/revisions"}],"wp:featuredmedia":[{"embeddable":true,"href":"http:\/\/shinyyoustationery.com\/pt\/wp-json\/wp\/v2\/media\/33931"}],"wp:attachment":[{"href":"http:\/\/shinyyoustationery.com\/pt\/wp-json\/wp\/v2\/media?parent=33930"}],"wp:term":[{"taxonomy":"product_brand","embeddable":true,"href":"http:\/\/shinyyoustationery.com\/pt\/wp-json\/wp\/v2\/product_brand?post=33930"},{"taxonomy":"product_cat","embeddable":true,"href":"http:\/\/shinyyoustationery.com\/pt\/wp-json\/wp\/v2\/product_cat?post=33930"},{"taxonomy":"product_tag","embeddable":true,"href":"http:\/\/shinyyoustationery.com\/pt\/wp-json\/wp\/v2\/product_tag?post=33930"}],"curies":[{"name":"wp","href":"https:\/\/api.w.org\/{rel}","templated":true}]}}