{"id":33947,"date":"2025-06-30T09:42:58","date_gmt":"2025-06-30T01:42:58","guid":{"rendered":"http:\/\/45.63.70.205\/?post_type=product&#038;p=33947"},"modified":"2025-07-02T19:44:37","modified_gmt":"2025-07-02T11:44:37","slug":"pink-glitter-pencil-set-fun-and-stylish-stationery-for-kids-teens","status":"publish","type":"product","link":"http:\/\/shinyyoustationery.com\/pt\/pink-glitter-pencil-set-fun-and-stylish-stationery-for-kids-teens\/","title":{"rendered":"Conjunto de l\u00e1pis com purpurinas cor-de-rosa - artigos de papelaria divertidos e com estilo para crian\u00e7as e adolescentes"},"content":{"rendered":"","protected":false},"excerpt":{"rendered":"<p>Adicione um toque de cor e brilho \u00e0 sua cole\u00e7\u00e3o de artigos de papelaria com o conjunto de l\u00e1pis JustHype Pink Glitter. Perfeito para a escola, projectos criativos ou como um presente divertido, este conjunto inclui seis l\u00e1pis cor-de-rosa brilhantes que s\u00e3o simultaneamente elegantes e funcionais. O design dur\u00e1vel e a experi\u00eancia de escrita suave fazem dele a escolha ideal para crian\u00e7as e adolescentes que adoram expressar a sua criatividade.<\/p>","protected":false},"featured_media":33948,"template":"","meta":[],"product_brand":[],"product_cat":[416,331,415],"product_tag":[],"class_list":{"0":"post-33947","1":"product","2":"type-product","3":"status-publish","4":"has-post-thumbnail","6":"product_cat-pencil","7":"product_cat-stationery-set","8":"product_cat-pen","10":"first","11":"instock","12":"shipping-taxable","13":"product-type-simple"},"_links":{"self":[{"href":"http:\/\/shinyyoustationery.com\/pt\/wp-json\/wp\/v2\/product\/33947","targetHints":{"allow":["GET"]}}],"collection":[{"href":"http:\/\/shinyyoustationery.com\/pt\/wp-json\/wp\/v2\/product"}],"about":[{"href":"http:\/\/shinyyoustationery.com\/pt\/wp-json\/wp\/v2\/types\/product"}],"version-history":[{"count":0,"href":"http:\/\/shinyyoustationery.com\/pt\/wp-json\/wp\/v2\/product\/33947\/revisions"}],"wp:featuredmedia":[{"embeddable":true,"href":"http:\/\/shinyyoustationery.com\/pt\/wp-json\/wp\/v2\/media\/33948"}],"wp:attachment":[{"href":"http:\/\/shinyyoustationery.com\/pt\/wp-json\/wp\/v2\/media?parent=33947"}],"wp:term":[{"taxonomy":"product_brand","embeddable":true,"href":"http:\/\/shinyyoustationery.com\/pt\/wp-json\/wp\/v2\/product_brand?post=33947"},{"taxonomy":"product_cat","embeddable":true,"href":"http:\/\/shinyyoustationery.com\/pt\/wp-json\/wp\/v2\/product_cat?post=33947"},{"taxonomy":"product_tag","embeddable":true,"href":"http:\/\/shinyyoustationery.com\/pt\/wp-json\/wp\/v2\/product_tag?post=33947"}],"curies":[{"name":"wp","href":"https:\/\/api.w.org\/{rel}","templated":true}]}}