{"id":33955,"date":"2025-06-30T10:08:58","date_gmt":"2025-06-30T02:08:58","guid":{"rendered":"http:\/\/45.63.70.205\/?post_type=product&#038;p=33955"},"modified":"2025-07-03T20:03:29","modified_gmt":"2025-07-03T12:03:29","slug":"pink-heart-shaped-sunglasses-trendy-fun-and-perfect-for-girls","status":"publish","type":"product","link":"http:\/\/shinyyoustationery.com\/pt\/pink-heart-shaped-sunglasses-trendy-fun-and-perfect-for-girls\/","title":{"rendered":"\u00d3culos de sol cor-de-rosa em forma de cora\u00e7\u00e3o - modernos, divertidos e perfeitos para raparigas"},"content":{"rendered":"","protected":false},"excerpt":{"rendered":"<p>Estes <strong data-start=\"131\" data-end=\"163\">\u00d3culos de sol cor-de-rosa em forma de cora\u00e7\u00e3o<\/strong> s\u00e3o o acess\u00f3rio ideal para qualquer rapariga que queira dar um toque de cor e estilo ao seu visual. Concebidos para raparigas que gostam de estar na moda, estes \u00f3culos de sol s\u00e3o perfeitos para actividades ao ar livre, viagens \u00e0 praia ou passeios casuais. Com as suas arma\u00e7\u00f5es divertidas em forma de cora\u00e7\u00e3o e a cor rosa vibrante, s\u00e3o um must-have para quem gosta de se destacar e expressar o seu estilo \u00fanico. Quer esteja a relaxar ao sol ou a passear pela cidade, estes \u00f3culos de sol v\u00e3o mant\u00ea-la fresca e com estilo!<\/p>","protected":false},"featured_media":33956,"template":"","meta":[],"product_brand":[],"product_cat":[700],"product_tag":[],"class_list":{"0":"post-33955","1":"product","2":"type-product","3":"status-publish","4":"has-post-thumbnail","6":"product_cat-hot-pink-power-girl-collection","8":"first","9":"instock","10":"shipping-taxable","11":"product-type-simple"},"_links":{"self":[{"href":"http:\/\/shinyyoustationery.com\/pt\/wp-json\/wp\/v2\/product\/33955","targetHints":{"allow":["GET"]}}],"collection":[{"href":"http:\/\/shinyyoustationery.com\/pt\/wp-json\/wp\/v2\/product"}],"about":[{"href":"http:\/\/shinyyoustationery.com\/pt\/wp-json\/wp\/v2\/types\/product"}],"version-history":[{"count":0,"href":"http:\/\/shinyyoustationery.com\/pt\/wp-json\/wp\/v2\/product\/33955\/revisions"}],"wp:featuredmedia":[{"embeddable":true,"href":"http:\/\/shinyyoustationery.com\/pt\/wp-json\/wp\/v2\/media\/33956"}],"wp:attachment":[{"href":"http:\/\/shinyyoustationery.com\/pt\/wp-json\/wp\/v2\/media?parent=33955"}],"wp:term":[{"taxonomy":"product_brand","embeddable":true,"href":"http:\/\/shinyyoustationery.com\/pt\/wp-json\/wp\/v2\/product_brand?post=33955"},{"taxonomy":"product_cat","embeddable":true,"href":"http:\/\/shinyyoustationery.com\/pt\/wp-json\/wp\/v2\/product_cat?post=33955"},{"taxonomy":"product_tag","embeddable":true,"href":"http:\/\/shinyyoustationery.com\/pt\/wp-json\/wp\/v2\/product_tag?post=33955"}],"curies":[{"name":"wp","href":"https:\/\/api.w.org\/{rel}","templated":true}]}}