{"id":33964,"date":"2025-06-30T10:23:27","date_gmt":"2025-06-30T02:23:27","guid":{"rendered":"http:\/\/45.63.70.205\/?post_type=product&#038;p=33964"},"modified":"2025-06-30T10:34:50","modified_gmt":"2025-06-30T02:34:50","slug":"bright-pink-star-keychain-a-cute-and-fun-accessory-for-girls","status":"publish","type":"product","link":"http:\/\/shinyyoustationery.com\/pt\/bright-pink-star-keychain-a-cute-and-fun-accessory-for-girls\/","title":{"rendered":"Porta-chaves Estrela Rosa Brilhante - Um acess\u00f3rio giro e divertido para raparigas"},"content":{"rendered":"","protected":false},"excerpt":{"rendered":"<p>Este <strong data-start=\"105\" data-end=\"134\">Porta-chaves estrela cor-de-rosa brilhante<\/strong> \u00e9 o complemento perfeito para qualquer cole\u00e7\u00e3o de acess\u00f3rios. Com a sua cor vibrante e o design divertido da estrela, \u00e9 uma \u00f3ptima forma de personalizar a sua mala, chaves ou mochila. Ideal para raparigas e jovens de cora\u00e7\u00e3o, este porta-chaves acrescenta um elemento divertido e apelativo aos objectos do dia a dia. Quer seja para a escola, para passeios casuais ou como um presente atencioso, este porta-chaves com estrela cor-de-rosa vai certamente trazer alegria e estilo para onde quer que v\u00e1!<\/p>","protected":false},"featured_media":33965,"template":"","meta":[],"product_brand":[],"product_cat":[659,700],"product_tag":[],"class_list":{"0":"post-33964","1":"product","2":"type-product","3":"status-publish","4":"has-post-thumbnail","6":"product_cat-keychain","7":"product_cat-hot-pink-power-girl-collection","9":"first","10":"instock","11":"shipping-taxable","12":"product-type-simple"},"_links":{"self":[{"href":"http:\/\/shinyyoustationery.com\/pt\/wp-json\/wp\/v2\/product\/33964","targetHints":{"allow":["GET"]}}],"collection":[{"href":"http:\/\/shinyyoustationery.com\/pt\/wp-json\/wp\/v2\/product"}],"about":[{"href":"http:\/\/shinyyoustationery.com\/pt\/wp-json\/wp\/v2\/types\/product"}],"version-history":[{"count":0,"href":"http:\/\/shinyyoustationery.com\/pt\/wp-json\/wp\/v2\/product\/33964\/revisions"}],"wp:featuredmedia":[{"embeddable":true,"href":"http:\/\/shinyyoustationery.com\/pt\/wp-json\/wp\/v2\/media\/33965"}],"wp:attachment":[{"href":"http:\/\/shinyyoustationery.com\/pt\/wp-json\/wp\/v2\/media?parent=33964"}],"wp:term":[{"taxonomy":"product_brand","embeddable":true,"href":"http:\/\/shinyyoustationery.com\/pt\/wp-json\/wp\/v2\/product_brand?post=33964"},{"taxonomy":"product_cat","embeddable":true,"href":"http:\/\/shinyyoustationery.com\/pt\/wp-json\/wp\/v2\/product_cat?post=33964"},{"taxonomy":"product_tag","embeddable":true,"href":"http:\/\/shinyyoustationery.com\/pt\/wp-json\/wp\/v2\/product_tag?post=33964"}],"curies":[{"name":"wp","href":"https:\/\/api.w.org\/{rel}","templated":true}]}}