{"id":33968,"date":"2025-06-30T10:30:58","date_gmt":"2025-06-30T02:30:58","guid":{"rendered":"http:\/\/45.63.70.205\/?post_type=product&#038;p=33968"},"modified":"2025-06-30T10:35:09","modified_gmt":"2025-06-30T02:35:09","slug":"pink-flamingo-keychain-a-cute-and-colorful-accessory-for-girls","status":"publish","type":"product","link":"http:\/\/shinyyoustationery.com\/pt\/pink-flamingo-keychain-a-cute-and-colorful-accessory-for-girls\/","title":{"rendered":"Porta-chaves Flamingo Rosa - Um acess\u00f3rio giro e colorido para raparigas"},"content":{"rendered":"","protected":false},"excerpt":{"rendered":"<p>D\u00ea um toque divertido \u00e0s suas chaves, mala ou mochila com esta <strong data-start=\"163\" data-end=\"189\">Porta-chaves Flamingo cor-de-rosa<\/strong>. Com um design vibrante de flamingo, \u00e9 perfeito para as raparigas que adoram acess\u00f3rios divertidos e peculiares. Ideal para passeios casuais, escola ou como presente, este porta-chaves \u00e9 uma excelente adi\u00e7\u00e3o a qualquer cole\u00e7\u00e3o. Leve, dur\u00e1vel e apelativo, este porta-chaves flamingo vai mant\u00ea-la a sorrir sempre que pegar nas suas chaves!<\/p>","protected":false},"featured_media":33969,"template":"","meta":[],"product_brand":[],"product_cat":[659,700],"product_tag":[],"class_list":{"0":"post-33968","1":"product","2":"type-product","3":"status-publish","4":"has-post-thumbnail","6":"product_cat-keychain","7":"product_cat-hot-pink-power-girl-collection","9":"first","10":"instock","11":"shipping-taxable","12":"product-type-simple"},"_links":{"self":[{"href":"http:\/\/shinyyoustationery.com\/pt\/wp-json\/wp\/v2\/product\/33968","targetHints":{"allow":["GET"]}}],"collection":[{"href":"http:\/\/shinyyoustationery.com\/pt\/wp-json\/wp\/v2\/product"}],"about":[{"href":"http:\/\/shinyyoustationery.com\/pt\/wp-json\/wp\/v2\/types\/product"}],"version-history":[{"count":0,"href":"http:\/\/shinyyoustationery.com\/pt\/wp-json\/wp\/v2\/product\/33968\/revisions"}],"wp:featuredmedia":[{"embeddable":true,"href":"http:\/\/shinyyoustationery.com\/pt\/wp-json\/wp\/v2\/media\/33969"}],"wp:attachment":[{"href":"http:\/\/shinyyoustationery.com\/pt\/wp-json\/wp\/v2\/media?parent=33968"}],"wp:term":[{"taxonomy":"product_brand","embeddable":true,"href":"http:\/\/shinyyoustationery.com\/pt\/wp-json\/wp\/v2\/product_brand?post=33968"},{"taxonomy":"product_cat","embeddable":true,"href":"http:\/\/shinyyoustationery.com\/pt\/wp-json\/wp\/v2\/product_cat?post=33968"},{"taxonomy":"product_tag","embeddable":true,"href":"http:\/\/shinyyoustationery.com\/pt\/wp-json\/wp\/v2\/product_tag?post=33968"}],"curies":[{"name":"wp","href":"https:\/\/api.w.org\/{rel}","templated":true}]}}