{"id":33973,"date":"2025-06-30T10:36:57","date_gmt":"2025-06-30T02:36:57","guid":{"rendered":"http:\/\/45.63.70.205\/?post_type=product&#038;p=33973"},"modified":"2025-06-30T10:39:11","modified_gmt":"2025-06-30T02:39:11","slug":"pink-unicorn-keychain-fun-stylish-accessory-for-kids-and-teens","status":"publish","type":"product","link":"http:\/\/shinyyoustationery.com\/pt\/pink-unicorn-keychain-fun-stylish-accessory-for-kids-and-teens\/","title":{"rendered":"Porta-chaves de unic\u00f3rnio cor-de-rosa - Acess\u00f3rio divertido e com estilo para crian\u00e7as e adolescentes"},"content":{"rendered":"","protected":false},"excerpt":{"rendered":"<p>D\u00ea um toque de capricho \u00e0s suas chaves ou mala com este porta-chaves de unic\u00f3rnio cor-de-rosa vibrante. Perfeito para crian\u00e7as, adolescentes ou qualquer pessoa que goste de acess\u00f3rios \u00fanicos e divertidos. O seu acabamento met\u00e1lico brilhante e o design duradouro tornam-no numa adi\u00e7\u00e3o divertida e pr\u00e1tica a qualquer conjunto de chaves, mochilas ou bolsas.<\/p>","protected":false},"featured_media":33974,"template":"","meta":[],"product_brand":[],"product_cat":[659,700],"product_tag":[],"class_list":{"0":"post-33973","1":"product","2":"type-product","3":"status-publish","4":"has-post-thumbnail","6":"product_cat-keychain","7":"product_cat-hot-pink-power-girl-collection","9":"first","10":"instock","11":"shipping-taxable","12":"product-type-simple"},"_links":{"self":[{"href":"http:\/\/shinyyoustationery.com\/pt\/wp-json\/wp\/v2\/product\/33973","targetHints":{"allow":["GET"]}}],"collection":[{"href":"http:\/\/shinyyoustationery.com\/pt\/wp-json\/wp\/v2\/product"}],"about":[{"href":"http:\/\/shinyyoustationery.com\/pt\/wp-json\/wp\/v2\/types\/product"}],"version-history":[{"count":0,"href":"http:\/\/shinyyoustationery.com\/pt\/wp-json\/wp\/v2\/product\/33973\/revisions"}],"wp:featuredmedia":[{"embeddable":true,"href":"http:\/\/shinyyoustationery.com\/pt\/wp-json\/wp\/v2\/media\/33974"}],"wp:attachment":[{"href":"http:\/\/shinyyoustationery.com\/pt\/wp-json\/wp\/v2\/media?parent=33973"}],"wp:term":[{"taxonomy":"product_brand","embeddable":true,"href":"http:\/\/shinyyoustationery.com\/pt\/wp-json\/wp\/v2\/product_brand?post=33973"},{"taxonomy":"product_cat","embeddable":true,"href":"http:\/\/shinyyoustationery.com\/pt\/wp-json\/wp\/v2\/product_cat?post=33973"},{"taxonomy":"product_tag","embeddable":true,"href":"http:\/\/shinyyoustationery.com\/pt\/wp-json\/wp\/v2\/product_tag?post=33973"}],"curies":[{"name":"wp","href":"https:\/\/api.w.org\/{rel}","templated":true}]}}