{"id":33981,"date":"2025-06-30T11:04:26","date_gmt":"2025-06-30T03:04:26","guid":{"rendered":"http:\/\/45.63.70.205\/?post_type=product&#038;p=33981"},"modified":"2025-08-13T05:33:53","modified_gmt":"2025-08-13T13:33:53","slug":"pink-wheelie-bin-desk-tidy-compact-trash-organizer-for-office","status":"publish","type":"product","link":"http:\/\/shinyyoustationery.com\/pt\/pink-wheelie-bin-desk-tidy-compact-trash-organizer-for-office\/","title":{"rendered":"Caixote do lixo com rodas cor-de-rosa - Organizador de lixo compacto para escrit\u00f3rio"},"content":{"rendered":"","protected":false},"excerpt":{"rendered":"<p>Este divertido caixote do lixo com rodas cor-de-rosa \u00e9 uma adi\u00e7\u00e3o divertida e funcional a qualquer espa\u00e7o de trabalho. Perfeito para manter a sua secret\u00e1ria limpa, \u00e9 ideal para guardar pequenos objectos de lixo, artigos de papelaria ou at\u00e9 mesmo como um peculiar suporte para canetas. A sua cor vibrante e o seu design compacto fazem dele uma \u00f3ptima escolha para crian\u00e7as e adultos. Quer esteja em casa ou no escrit\u00f3rio, esta arruma\u00e7\u00e3o ajuda a manter um ambiente organizado.<\/p>","protected":false},"featured_media":33982,"template":"","meta":[],"product_brand":[],"product_cat":[450,700],"product_tag":[],"class_list":{"0":"post-33981","1":"product","2":"type-product","3":"status-publish","4":"has-post-thumbnail","6":"product_cat-trash-can","7":"product_cat-hot-pink-power-girl-collection","9":"first","10":"instock","11":"shipping-taxable","12":"product-type-simple"},"_links":{"self":[{"href":"http:\/\/shinyyoustationery.com\/pt\/wp-json\/wp\/v2\/product\/33981","targetHints":{"allow":["GET"]}}],"collection":[{"href":"http:\/\/shinyyoustationery.com\/pt\/wp-json\/wp\/v2\/product"}],"about":[{"href":"http:\/\/shinyyoustationery.com\/pt\/wp-json\/wp\/v2\/types\/product"}],"version-history":[{"count":0,"href":"http:\/\/shinyyoustationery.com\/pt\/wp-json\/wp\/v2\/product\/33981\/revisions"}],"wp:featuredmedia":[{"embeddable":true,"href":"http:\/\/shinyyoustationery.com\/pt\/wp-json\/wp\/v2\/media\/33982"}],"wp:attachment":[{"href":"http:\/\/shinyyoustationery.com\/pt\/wp-json\/wp\/v2\/media?parent=33981"}],"wp:term":[{"taxonomy":"product_brand","embeddable":true,"href":"http:\/\/shinyyoustationery.com\/pt\/wp-json\/wp\/v2\/product_brand?post=33981"},{"taxonomy":"product_cat","embeddable":true,"href":"http:\/\/shinyyoustationery.com\/pt\/wp-json\/wp\/v2\/product_cat?post=33981"},{"taxonomy":"product_tag","embeddable":true,"href":"http:\/\/shinyyoustationery.com\/pt\/wp-json\/wp\/v2\/product_tag?post=33981"}],"curies":[{"name":"wp","href":"https:\/\/api.w.org\/{rel}","templated":true}]}}