{"id":34038,"date":"2025-06-30T14:25:27","date_gmt":"2025-06-30T06:25:27","guid":{"rendered":"http:\/\/45.63.70.205\/?post_type=product&#038;p=34038"},"modified":"2025-07-14T01:02:19","modified_gmt":"2025-07-14T09:02:19","slug":"bright-pink-document-bag-stylish-and-practical-organizer-for-school-office-home","status":"publish","type":"product","link":"http:\/\/shinyyoustationery.com\/pt\/bright-pink-document-bag-stylish-and-practical-organizer-for-school-office-home\/","title":{"rendered":"Saco para documentos cor-de-rosa brilhante - Organizador elegante e pr\u00e1tico para a escola, escrit\u00f3rio e casa"},"content":{"rendered":"","protected":false},"excerpt":{"rendered":"<p>Este <strong data-start=\"134\" data-end=\"162\">Saco para documentos cor-de-rosa brilhante<\/strong> \u00e9 simultaneamente funcional e elegante. Com um material duradouro e um fecho seguro, mant\u00e9m os seus pap\u00e9is, documentos e artigos de papelaria importantes organizados e protegidos. A sua cor rosa vibrante d\u00e1 um toque de divers\u00e3o e energia ao seu espa\u00e7o de trabalho ou \u00e1rea de estudo. Perfeito para estudantes, profissionais ou qualquer pessoa que procure uma forma fi\u00e1vel e elegante de guardar documentos, este saco para documentos \u00e9 ideal para utiliza\u00e7\u00e3o em casa, na escola ou no escrit\u00f3rio. O seu design compacto facilita o transporte ou a arruma\u00e7\u00e3o, assegurando que os seus objectos essenciais se mant\u00eam arrumados e seguros!<\/p>","protected":false},"featured_media":34039,"template":"","meta":[],"product_brand":[],"product_cat":[531,532,700,404],"product_tag":[],"class_list":{"0":"post-34038","1":"product","2":"type-product","3":"status-publish","4":"has-post-thumbnail","6":"product_cat-document-bag-case","7":"product_cat-briefcase","8":"product_cat-hot-pink-power-girl-collection","9":"product_cat-bags-cases","11":"first","12":"instock","13":"shipping-taxable","14":"product-type-simple"},"_links":{"self":[{"href":"http:\/\/shinyyoustationery.com\/pt\/wp-json\/wp\/v2\/product\/34038","targetHints":{"allow":["GET"]}}],"collection":[{"href":"http:\/\/shinyyoustationery.com\/pt\/wp-json\/wp\/v2\/product"}],"about":[{"href":"http:\/\/shinyyoustationery.com\/pt\/wp-json\/wp\/v2\/types\/product"}],"version-history":[{"count":0,"href":"http:\/\/shinyyoustationery.com\/pt\/wp-json\/wp\/v2\/product\/34038\/revisions"}],"wp:featuredmedia":[{"embeddable":true,"href":"http:\/\/shinyyoustationery.com\/pt\/wp-json\/wp\/v2\/media\/34039"}],"wp:attachment":[{"href":"http:\/\/shinyyoustationery.com\/pt\/wp-json\/wp\/v2\/media?parent=34038"}],"wp:term":[{"taxonomy":"product_brand","embeddable":true,"href":"http:\/\/shinyyoustationery.com\/pt\/wp-json\/wp\/v2\/product_brand?post=34038"},{"taxonomy":"product_cat","embeddable":true,"href":"http:\/\/shinyyoustationery.com\/pt\/wp-json\/wp\/v2\/product_cat?post=34038"},{"taxonomy":"product_tag","embeddable":true,"href":"http:\/\/shinyyoustationery.com\/pt\/wp-json\/wp\/v2\/product_tag?post=34038"}],"curies":[{"name":"wp","href":"https:\/\/api.w.org\/{rel}","templated":true}]}}