{"id":34058,"date":"2025-06-30T15:20:03","date_gmt":"2025-06-30T07:20:03","guid":{"rendered":"http:\/\/45.63.70.205\/?post_type=product&#038;p=34058"},"modified":"2025-07-07T15:18:33","modified_gmt":"2025-07-07T07:18:33","slug":"canvas-pixel-chomp-pencil-case-fun-and-stylish-for-kids-school-and-office","status":"publish","type":"product","link":"http:\/\/shinyyoustationery.com\/pt\/canvas-pixel-chomp-pencil-case-fun-and-stylish-for-kids-school-and-office\/","title":{"rendered":"Estojo de l\u00e1pis Canvas Pixel e Chomp - Divertido e elegante para crian\u00e7as, escola e escrit\u00f3rio"},"content":{"rendered":"","protected":false},"excerpt":{"rendered":"<p>Este <strong data-start=\"122\" data-end=\"158\">Estojo para l\u00e1pis Canvas Pixel e Chomp<\/strong> \u00e9 perfeito para organizar canetas, l\u00e1pis e outros pequenos artigos de papelaria. Com a divertida <strong data-start=\"256\" data-end=\"273\">Pixel e Chomp<\/strong> A bolsa de transporte com um design moderno \u00e9 ideal para estudantes, crian\u00e7as e jovens profissionais. O material de lona dur\u00e1vel garante a sua resist\u00eancia \u00e0 utiliza\u00e7\u00e3o di\u00e1ria, enquanto o fecho azul brilhante acrescenta um toque de cor divertido. Uma \u00f3ptima escolha para a escola, o trabalho ou como um presente giro, este estojo combina funcionalidade com um estilo divertido e \u00fanico!<\/p>","protected":false},"featured_media":34059,"template":"","meta":[],"product_brand":[],"product_cat":[520,701,477],"product_tag":[],"class_list":{"0":"post-34058","1":"product","2":"type-product","3":"status-publish","4":"has-post-thumbnail","6":"product_cat-pencil-case-pouch","7":"product_cat-pixel-chomp-collection","8":"product_cat-school-bags","10":"first","11":"instock","12":"shipping-taxable","13":"product-type-simple"},"_links":{"self":[{"href":"http:\/\/shinyyoustationery.com\/pt\/wp-json\/wp\/v2\/product\/34058","targetHints":{"allow":["GET"]}}],"collection":[{"href":"http:\/\/shinyyoustationery.com\/pt\/wp-json\/wp\/v2\/product"}],"about":[{"href":"http:\/\/shinyyoustationery.com\/pt\/wp-json\/wp\/v2\/types\/product"}],"version-history":[{"count":0,"href":"http:\/\/shinyyoustationery.com\/pt\/wp-json\/wp\/v2\/product\/34058\/revisions"}],"wp:featuredmedia":[{"embeddable":true,"href":"http:\/\/shinyyoustationery.com\/pt\/wp-json\/wp\/v2\/media\/34059"}],"wp:attachment":[{"href":"http:\/\/shinyyoustationery.com\/pt\/wp-json\/wp\/v2\/media?parent=34058"}],"wp:term":[{"taxonomy":"product_brand","embeddable":true,"href":"http:\/\/shinyyoustationery.com\/pt\/wp-json\/wp\/v2\/product_brand?post=34058"},{"taxonomy":"product_cat","embeddable":true,"href":"http:\/\/shinyyoustationery.com\/pt\/wp-json\/wp\/v2\/product_cat?post=34058"},{"taxonomy":"product_tag","embeddable":true,"href":"http:\/\/shinyyoustationery.com\/pt\/wp-json\/wp\/v2\/product_tag?post=34058"}],"curies":[{"name":"wp","href":"https:\/\/api.w.org\/{rel}","templated":true}]}}