{"id":34063,"date":"2025-06-30T15:22:28","date_gmt":"2025-06-30T07:22:28","guid":{"rendered":"http:\/\/45.63.70.205\/?post_type=product&#038;p=34063"},"modified":"2025-07-07T15:18:27","modified_gmt":"2025-07-07T07:18:27","slug":"canvas-pixel-chomp-pencil-case-with-markers-fun-and-practical-for-school-kids-and-art-projects","status":"publish","type":"product","link":"http:\/\/shinyyoustationery.com\/pt\/canvas-pixel-chomp-pencil-case-with-markers-fun-and-practical-for-school-kids-and-art-projects\/","title":{"rendered":"Estojo de l\u00e1pis Pixel e Chomp em lona com marcadores - Divertido e pr\u00e1tico para a escola, crian\u00e7as e projectos art\u00edsticos"},"content":{"rendered":"","protected":false},"excerpt":{"rendered":"<p>Este <strong data-start=\"143\" data-end=\"179\">Estojo para l\u00e1pis Canvas Pixel e Chomp<\/strong> \u00e9 perfeito para manter as suas canetas, l\u00e1pis e marcadores organizados. Com um design divertido <strong data-start=\"266\" data-end=\"283\">Pixel e Chomp<\/strong> O design do estojo de desenho, vem com um conjunto de marcadores coloridos para inspirar a criatividade. O material de lona dur\u00e1vel garante que resistir\u00e1 ao uso di\u00e1rio, enquanto o fecho azul brilhante acrescenta um toque de cor divertido. Ideal para a escola, projectos art\u00edsticos ou como presente, este estojo para l\u00e1pis \u00e9 simultaneamente elegante e pr\u00e1tico para crian\u00e7as, estudantes e artistas.<\/p>","protected":false},"featured_media":34064,"template":"","meta":[],"product_brand":[],"product_cat":[520,477,701],"product_tag":[],"class_list":{"0":"post-34063","1":"product","2":"type-product","3":"status-publish","4":"has-post-thumbnail","6":"product_cat-pencil-case-pouch","7":"product_cat-school-bags","8":"product_cat-pixel-chomp-collection","10":"first","11":"instock","12":"shipping-taxable","13":"product-type-simple"},"_links":{"self":[{"href":"http:\/\/shinyyoustationery.com\/pt\/wp-json\/wp\/v2\/product\/34063","targetHints":{"allow":["GET"]}}],"collection":[{"href":"http:\/\/shinyyoustationery.com\/pt\/wp-json\/wp\/v2\/product"}],"about":[{"href":"http:\/\/shinyyoustationery.com\/pt\/wp-json\/wp\/v2\/types\/product"}],"version-history":[{"count":0,"href":"http:\/\/shinyyoustationery.com\/pt\/wp-json\/wp\/v2\/product\/34063\/revisions"}],"wp:featuredmedia":[{"embeddable":true,"href":"http:\/\/shinyyoustationery.com\/pt\/wp-json\/wp\/v2\/media\/34064"}],"wp:attachment":[{"href":"http:\/\/shinyyoustationery.com\/pt\/wp-json\/wp\/v2\/media?parent=34063"}],"wp:term":[{"taxonomy":"product_brand","embeddable":true,"href":"http:\/\/shinyyoustationery.com\/pt\/wp-json\/wp\/v2\/product_brand?post=34063"},{"taxonomy":"product_cat","embeddable":true,"href":"http:\/\/shinyyoustationery.com\/pt\/wp-json\/wp\/v2\/product_cat?post=34063"},{"taxonomy":"product_tag","embeddable":true,"href":"http:\/\/shinyyoustationery.com\/pt\/wp-json\/wp\/v2\/product_tag?post=34063"}],"curies":[{"name":"wp","href":"https:\/\/api.w.org\/{rel}","templated":true}]}}