{"id":34070,"date":"2025-06-30T15:26:32","date_gmt":"2025-06-30T07:26:32","guid":{"rendered":"http:\/\/45.63.70.205\/?post_type=product&#038;p=34070"},"modified":"2025-07-07T15:18:19","modified_gmt":"2025-07-07T07:18:19","slug":"green-monster-design-pencil-case-fun-and-colorful-for-kids-school","status":"publish","type":"product","link":"http:\/\/shinyyoustationery.com\/pt\/green-monster-design-pencil-case-fun-and-colorful-for-kids-school\/","title":{"rendered":"Estojo de l\u00e1pis com design de monstro verde - Divertido e colorido para crian\u00e7as e escola"},"content":{"rendered":"","protected":false},"excerpt":{"rendered":"<p>Este <strong data-start=\"118\" data-end=\"154\">Estojo de l\u00e1pis com design de monstro verde<\/strong> \u00e9 o acess\u00f3rio perfeito para qualquer jovem estudante ou crian\u00e7a que adore desenhos peculiares e coloridos. Com um divertido monstro verde com detalhes pixelizados, este estojo \u00e9 ideal para guardar canetas, l\u00e1pis e outros artigos de papelaria. O seu fecho de correr duradouro garante uma arruma\u00e7\u00e3o segura e o seu tamanho compacto facilita o transporte numa mochila ou na gaveta da secret\u00e1ria. \u00d3timo para a escola, para casa ou como presente para qualquer crian\u00e7a que goste de divers\u00e3o!<\/p>","protected":false},"featured_media":34072,"template":"","meta":[],"product_brand":[],"product_cat":[520,477,701],"product_tag":[],"class_list":{"0":"post-34070","1":"product","2":"type-product","3":"status-publish","4":"has-post-thumbnail","6":"product_cat-pencil-case-pouch","7":"product_cat-school-bags","8":"product_cat-pixel-chomp-collection","10":"first","11":"instock","12":"shipping-taxable","13":"product-type-simple"},"_links":{"self":[{"href":"http:\/\/shinyyoustationery.com\/pt\/wp-json\/wp\/v2\/product\/34070","targetHints":{"allow":["GET"]}}],"collection":[{"href":"http:\/\/shinyyoustationery.com\/pt\/wp-json\/wp\/v2\/product"}],"about":[{"href":"http:\/\/shinyyoustationery.com\/pt\/wp-json\/wp\/v2\/types\/product"}],"version-history":[{"count":0,"href":"http:\/\/shinyyoustationery.com\/pt\/wp-json\/wp\/v2\/product\/34070\/revisions"}],"wp:featuredmedia":[{"embeddable":true,"href":"http:\/\/shinyyoustationery.com\/pt\/wp-json\/wp\/v2\/media\/34072"}],"wp:attachment":[{"href":"http:\/\/shinyyoustationery.com\/pt\/wp-json\/wp\/v2\/media?parent=34070"}],"wp:term":[{"taxonomy":"product_brand","embeddable":true,"href":"http:\/\/shinyyoustationery.com\/pt\/wp-json\/wp\/v2\/product_brand?post=34070"},{"taxonomy":"product_cat","embeddable":true,"href":"http:\/\/shinyyoustationery.com\/pt\/wp-json\/wp\/v2\/product_cat?post=34070"},{"taxonomy":"product_tag","embeddable":true,"href":"http:\/\/shinyyoustationery.com\/pt\/wp-json\/wp\/v2\/product_tag?post=34070"}],"curies":[{"name":"wp","href":"https:\/\/api.w.org\/{rel}","templated":true}]}}