{"id":34076,"date":"2025-06-30T15:30:46","date_gmt":"2025-06-30T07:30:46","guid":{"rendered":"http:\/\/45.63.70.205\/?post_type=product&#038;p=34076"},"modified":"2025-07-07T15:18:11","modified_gmt":"2025-07-07T07:18:11","slug":"green-monster-pencil-case-fun-and-colorful-for-kids-school-and-art-supplies","status":"publish","type":"product","link":"http:\/\/shinyyoustationery.com\/pt\/green-monster-pencil-case-fun-and-colorful-for-kids-school-and-art-supplies\/","title":{"rendered":"Estojo de l\u00e1pis Green Monster - Divertido e colorido para crian\u00e7as, escola e material de arte"},"content":{"rendered":"","protected":false},"excerpt":{"rendered":"<p>Este <strong data-start=\"122\" data-end=\"151\">Estojo para l\u00e1pis Green Monster<\/strong> \u00e9 uma forma divertida e l\u00fadica de organizar as suas canetas, l\u00e1pis e outros artigos de papelaria. Com um bonito design de monstro verde, \u00e9 perfeito para crian\u00e7as, estudantes ou qualquer pessoa que adore acess\u00f3rios peculiares. O material dur\u00e1vel e o fecho de correr tornam-no ideal para a escola, casa ou projectos art\u00edsticos, proporcionando estilo e funcionalidade. Um excelente presente para jovens criativos ou uma adi\u00e7\u00e3o divertida \u00e0 sua pr\u00f3pria cole\u00e7\u00e3o!<\/p>","protected":false},"featured_media":34078,"template":"","meta":[],"product_brand":[],"product_cat":[520,477,701],"product_tag":[],"class_list":{"0":"post-34076","1":"product","2":"type-product","3":"status-publish","4":"has-post-thumbnail","6":"product_cat-pencil-case-pouch","7":"product_cat-school-bags","8":"product_cat-pixel-chomp-collection","10":"first","11":"instock","12":"shipping-taxable","13":"product-type-simple"},"_links":{"self":[{"href":"http:\/\/shinyyoustationery.com\/pt\/wp-json\/wp\/v2\/product\/34076","targetHints":{"allow":["GET"]}}],"collection":[{"href":"http:\/\/shinyyoustationery.com\/pt\/wp-json\/wp\/v2\/product"}],"about":[{"href":"http:\/\/shinyyoustationery.com\/pt\/wp-json\/wp\/v2\/types\/product"}],"version-history":[{"count":0,"href":"http:\/\/shinyyoustationery.com\/pt\/wp-json\/wp\/v2\/product\/34076\/revisions"}],"wp:featuredmedia":[{"embeddable":true,"href":"http:\/\/shinyyoustationery.com\/pt\/wp-json\/wp\/v2\/media\/34078"}],"wp:attachment":[{"href":"http:\/\/shinyyoustationery.com\/pt\/wp-json\/wp\/v2\/media?parent=34076"}],"wp:term":[{"taxonomy":"product_brand","embeddable":true,"href":"http:\/\/shinyyoustationery.com\/pt\/wp-json\/wp\/v2\/product_brand?post=34076"},{"taxonomy":"product_cat","embeddable":true,"href":"http:\/\/shinyyoustationery.com\/pt\/wp-json\/wp\/v2\/product_cat?post=34076"},{"taxonomy":"product_tag","embeddable":true,"href":"http:\/\/shinyyoustationery.com\/pt\/wp-json\/wp\/v2\/product_tag?post=34076"}],"curies":[{"name":"wp","href":"https:\/\/api.w.org\/{rel}","templated":true}]}}