{"id":34080,"date":"2025-06-30T15:43:25","date_gmt":"2025-06-30T07:43:25","guid":{"rendered":"http:\/\/45.63.70.205\/?post_type=product&#038;p=34080"},"modified":"2025-07-07T15:18:04","modified_gmt":"2025-07-07T07:18:04","slug":"yellow-pixel-chomp-pencil-case-bright-and-fun-for-school-kids-and-office","status":"publish","type":"product","link":"http:\/\/shinyyoustationery.com\/pt\/yellow-pixel-chomp-pencil-case-bright-and-fun-for-school-kids-and-office\/","title":{"rendered":"Estojo amarelo para l\u00e1pis Pixel e Chomp - Brilhante e divertido para a escola, crian\u00e7as e escrit\u00f3rio"},"content":{"rendered":"","protected":false},"excerpt":{"rendered":"<p>Este <strong data-start=\"125\" data-end=\"161\">Estojo amarelo para l\u00e1pis Pixel e Chomp<\/strong> \u00e9 um acess\u00f3rio vibrante e divertido que \u00e9 perfeito para organizar as suas canetas, l\u00e1pis e outros artigos de papelaria. Com um design arrojado <strong data-start=\"292\" data-end=\"309\">Pixel e Chomp<\/strong> Este estojo para l\u00e1pis \u00e9 ideal para estudantes, crian\u00e7as ou qualquer pessoa que pretenda dar um toque de divers\u00e3o ao seu material escolar ou de escrit\u00f3rio. O material duradouro e o fecho de correr suave garantem a seguran\u00e7a e o f\u00e1cil acesso aos seus objectos. Perfeito para alegrar a sua secret\u00e1ria ou mochila!<\/p>","protected":false},"featured_media":34081,"template":"","meta":[],"product_brand":[],"product_cat":[520,477,701],"product_tag":[],"class_list":{"0":"post-34080","1":"product","2":"type-product","3":"status-publish","4":"has-post-thumbnail","6":"product_cat-pencil-case-pouch","7":"product_cat-school-bags","8":"product_cat-pixel-chomp-collection","10":"first","11":"instock","12":"shipping-taxable","13":"product-type-simple"},"_links":{"self":[{"href":"http:\/\/shinyyoustationery.com\/pt\/wp-json\/wp\/v2\/product\/34080","targetHints":{"allow":["GET"]}}],"collection":[{"href":"http:\/\/shinyyoustationery.com\/pt\/wp-json\/wp\/v2\/product"}],"about":[{"href":"http:\/\/shinyyoustationery.com\/pt\/wp-json\/wp\/v2\/types\/product"}],"version-history":[{"count":0,"href":"http:\/\/shinyyoustationery.com\/pt\/wp-json\/wp\/v2\/product\/34080\/revisions"}],"wp:featuredmedia":[{"embeddable":true,"href":"http:\/\/shinyyoustationery.com\/pt\/wp-json\/wp\/v2\/media\/34081"}],"wp:attachment":[{"href":"http:\/\/shinyyoustationery.com\/pt\/wp-json\/wp\/v2\/media?parent=34080"}],"wp:term":[{"taxonomy":"product_brand","embeddable":true,"href":"http:\/\/shinyyoustationery.com\/pt\/wp-json\/wp\/v2\/product_brand?post=34080"},{"taxonomy":"product_cat","embeddable":true,"href":"http:\/\/shinyyoustationery.com\/pt\/wp-json\/wp\/v2\/product_cat?post=34080"},{"taxonomy":"product_tag","embeddable":true,"href":"http:\/\/shinyyoustationery.com\/pt\/wp-json\/wp\/v2\/product_tag?post=34080"}],"curies":[{"name":"wp","href":"https:\/\/api.w.org\/{rel}","templated":true}]}}