{"id":34087,"date":"2025-06-30T15:51:30","date_gmt":"2025-06-30T07:51:30","guid":{"rendered":"http:\/\/45.63.70.205\/?post_type=product&#038;p=34087"},"modified":"2025-07-07T15:23:41","modified_gmt":"2025-07-07T07:23:41","slug":"green-monster-coin-purse-with-key-ring-fun-and-functional-for-kids-teens-and-accessories","status":"publish","type":"product","link":"http:\/\/shinyyoustationery.com\/pt\/green-monster-coin-purse-with-key-ring-fun-and-functional-for-kids-teens-and-accessories\/","title":{"rendered":"Porta-moedas do Monstro Verde com porta-chaves - Divertido e funcional para crian\u00e7as, adolescentes e acess\u00f3rios"},"content":{"rendered":"","protected":false},"excerpt":{"rendered":"<p>Este <strong data-start=\"135\" data-end=\"163\">Porta-moedas Monstro Verde<\/strong> com porta-chaves \u00e9 um acess\u00f3rio l\u00fadico e pr\u00e1tico para crian\u00e7as e adolescentes. Concebido com a forma de um bonito monstro verde com olhos grandes e um sorriso largo, este porta-moedas \u00e9 perfeito para guardar moedas, trocos ou mesmo pequenos objectos como chaves. O porta-chaves permite-lhe prend\u00ea-lo facilmente \u00e0 sua mochila, chaves ou mala para um acesso conveniente. Um presente divertido e peculiar ou um acess\u00f3rio indispens\u00e1vel para quem gosta de objectos \u00fanicos e coloridos!<\/p>","protected":false},"featured_media":34089,"template":"","meta":[],"product_brand":[],"product_cat":[716,659,701,404,477],"product_tag":[],"class_list":{"0":"post-34087","1":"product","2":"type-product","3":"status-publish","4":"has-post-thumbnail","6":"product_cat-coin-purse","7":"product_cat-keychain","8":"product_cat-pixel-chomp-collection","9":"product_cat-bags-cases","10":"product_cat-school-bags","12":"first","13":"instock","14":"shipping-taxable","15":"product-type-simple"},"_links":{"self":[{"href":"http:\/\/shinyyoustationery.com\/pt\/wp-json\/wp\/v2\/product\/34087","targetHints":{"allow":["GET"]}}],"collection":[{"href":"http:\/\/shinyyoustationery.com\/pt\/wp-json\/wp\/v2\/product"}],"about":[{"href":"http:\/\/shinyyoustationery.com\/pt\/wp-json\/wp\/v2\/types\/product"}],"version-history":[{"count":0,"href":"http:\/\/shinyyoustationery.com\/pt\/wp-json\/wp\/v2\/product\/34087\/revisions"}],"wp:featuredmedia":[{"embeddable":true,"href":"http:\/\/shinyyoustationery.com\/pt\/wp-json\/wp\/v2\/media\/34089"}],"wp:attachment":[{"href":"http:\/\/shinyyoustationery.com\/pt\/wp-json\/wp\/v2\/media?parent=34087"}],"wp:term":[{"taxonomy":"product_brand","embeddable":true,"href":"http:\/\/shinyyoustationery.com\/pt\/wp-json\/wp\/v2\/product_brand?post=34087"},{"taxonomy":"product_cat","embeddable":true,"href":"http:\/\/shinyyoustationery.com\/pt\/wp-json\/wp\/v2\/product_cat?post=34087"},{"taxonomy":"product_tag","embeddable":true,"href":"http:\/\/shinyyoustationery.com\/pt\/wp-json\/wp\/v2\/product_tag?post=34087"}],"curies":[{"name":"wp","href":"https:\/\/api.w.org\/{rel}","templated":true}]}}