{"id":34092,"date":"2025-06-30T15:58:22","date_gmt":"2025-06-30T07:58:22","guid":{"rendered":"http:\/\/45.63.70.205\/?post_type=product&#038;p=34092"},"modified":"2025-07-02T19:44:31","modified_gmt":"2025-07-02T11:44:31","slug":"pixel-chomp-highlighter-set-vibrant-colors-for-school-office","status":"publish","type":"product","link":"http:\/\/shinyyoustationery.com\/pt\/pixel-chomp-highlighter-set-vibrant-colors-for-school-office\/","title":{"rendered":"Conjunto de marcadores Pixel e Chomp - Cores vibrantes para a escola e o escrit\u00f3rio"},"content":{"rendered":"","protected":false},"excerpt":{"rendered":"<p>Este <strong data-start=\"123\" data-end=\"156\">Conjunto de marcadores Pixel e Chomp<\/strong> apresenta tr\u00eas marcadores brilhantes e divertidos em azul, verde e cor-de-rosa. Perfeitos para estudantes, profissionais ou qualquer pessoa que goste de dar um toque de cor \u00e0s suas notas e documentos. Os l\u00fadicos <strong data-start=\"347\" data-end=\"364\">Pixel e Chomp<\/strong> O design do marcador torna o realce uma tarefa agrad\u00e1vel, enquanto a tinta de alta qualidade garante um realce suave e v\u00edvido. Ideal para estudar, organizar ou realizar projectos criativos, este conjunto de marcadores de texto \u00e9 pr\u00e1tico e divertido!<\/p>","protected":false},"featured_media":34094,"template":"","meta":[],"product_brand":[],"product_cat":[418,415,701],"product_tag":[],"class_list":{"0":"post-34092","1":"product","2":"type-product","3":"status-publish","4":"has-post-thumbnail","6":"product_cat-highlighter","7":"product_cat-pen","8":"product_cat-pixel-chomp-collection","10":"first","11":"instock","12":"shipping-taxable","13":"product-type-simple"},"_links":{"self":[{"href":"http:\/\/shinyyoustationery.com\/pt\/wp-json\/wp\/v2\/product\/34092","targetHints":{"allow":["GET"]}}],"collection":[{"href":"http:\/\/shinyyoustationery.com\/pt\/wp-json\/wp\/v2\/product"}],"about":[{"href":"http:\/\/shinyyoustationery.com\/pt\/wp-json\/wp\/v2\/types\/product"}],"version-history":[{"count":0,"href":"http:\/\/shinyyoustationery.com\/pt\/wp-json\/wp\/v2\/product\/34092\/revisions"}],"wp:featuredmedia":[{"embeddable":true,"href":"http:\/\/shinyyoustationery.com\/pt\/wp-json\/wp\/v2\/media\/34094"}],"wp:attachment":[{"href":"http:\/\/shinyyoustationery.com\/pt\/wp-json\/wp\/v2\/media?parent=34092"}],"wp:term":[{"taxonomy":"product_brand","embeddable":true,"href":"http:\/\/shinyyoustationery.com\/pt\/wp-json\/wp\/v2\/product_brand?post=34092"},{"taxonomy":"product_cat","embeddable":true,"href":"http:\/\/shinyyoustationery.com\/pt\/wp-json\/wp\/v2\/product_cat?post=34092"},{"taxonomy":"product_tag","embeddable":true,"href":"http:\/\/shinyyoustationery.com\/pt\/wp-json\/wp\/v2\/product_tag?post=34092"}],"curies":[{"name":"wp","href":"https:\/\/api.w.org\/{rel}","templated":true}]}}