{"id":34102,"date":"2025-06-30T16:43:06","date_gmt":"2025-06-30T08:43:06","guid":{"rendered":"http:\/\/45.63.70.205\/?post_type=product&#038;p=34102"},"modified":"2025-06-30T16:43:06","modified_gmt":"2025-06-30T08:43:06","slug":"pixel-chomp-stationery-set-bright-and-fun-for-school-office-and-kids","status":"publish","type":"product","link":"http:\/\/shinyyoustationery.com\/pt\/pixel-chomp-stationery-set-bright-and-fun-for-school-office-and-kids\/","title":{"rendered":"Conjunto de artigos de papelaria Pixel &amp; Chomp - Brilhante e divertido para a escola, escrit\u00f3rio e crian\u00e7as"},"content":{"rendered":"","protected":false},"excerpt":{"rendered":"<p>Este <strong data-start=\"117\" data-end=\"149\">Conjunto de artigos de papelaria Pixel e Chomp<\/strong> inclui quatro essenciais coloridos - canetas e marcadores azuis, verdes, amarelos e transparentes. Perfeito para estudantes, crian\u00e7as e trabalhadores de escrit\u00f3rio, este conjunto traz estilo e funcionalidade \u00e0s suas tarefas di\u00e1rias. Os divertidos <strong data-start=\"368\" data-end=\"385\">Pixel e Chomp<\/strong> O design de um bloco de notas de papel de carta torna o estudo, o trabalho ou a organiza\u00e7\u00e3o uma experi\u00eancia mais agrad\u00e1vel. Ideal para utilizar na escola, em casa ou no escrit\u00f3rio, este conjunto vibrante acrescenta um toque de cor divertido \u00e0 sua cole\u00e7\u00e3o de artigos de papelaria!<\/p>","protected":false},"featured_media":34103,"template":"","meta":[],"product_brand":[],"product_cat":[331,701],"product_tag":[],"class_list":{"0":"post-34102","1":"product","2":"type-product","3":"status-publish","4":"has-post-thumbnail","6":"product_cat-stationery-set","7":"product_cat-pixel-chomp-collection","9":"first","10":"instock","11":"shipping-taxable","12":"product-type-simple"},"_links":{"self":[{"href":"http:\/\/shinyyoustationery.com\/pt\/wp-json\/wp\/v2\/product\/34102","targetHints":{"allow":["GET"]}}],"collection":[{"href":"http:\/\/shinyyoustationery.com\/pt\/wp-json\/wp\/v2\/product"}],"about":[{"href":"http:\/\/shinyyoustationery.com\/pt\/wp-json\/wp\/v2\/types\/product"}],"version-history":[{"count":0,"href":"http:\/\/shinyyoustationery.com\/pt\/wp-json\/wp\/v2\/product\/34102\/revisions"}],"wp:featuredmedia":[{"embeddable":true,"href":"http:\/\/shinyyoustationery.com\/pt\/wp-json\/wp\/v2\/media\/34103"}],"wp:attachment":[{"href":"http:\/\/shinyyoustationery.com\/pt\/wp-json\/wp\/v2\/media?parent=34102"}],"wp:term":[{"taxonomy":"product_brand","embeddable":true,"href":"http:\/\/shinyyoustationery.com\/pt\/wp-json\/wp\/v2\/product_brand?post=34102"},{"taxonomy":"product_cat","embeddable":true,"href":"http:\/\/shinyyoustationery.com\/pt\/wp-json\/wp\/v2\/product_cat?post=34102"},{"taxonomy":"product_tag","embeddable":true,"href":"http:\/\/shinyyoustationery.com\/pt\/wp-json\/wp\/v2\/product_tag?post=34102"}],"curies":[{"name":"wp","href":"https:\/\/api.w.org\/{rel}","templated":true}]}}