{"id":34115,"date":"2025-06-30T17:12:08","date_gmt":"2025-06-30T09:12:08","guid":{"rendered":"http:\/\/45.63.70.205\/?post_type=product&#038;p=34115"},"modified":"2025-06-30T17:12:09","modified_gmt":"2025-06-30T09:12:09","slug":"colorful-monster-themed-notebook-labels-fun-and-vibrant-labels-for-kids-school-supplies","status":"publish","type":"product","link":"http:\/\/shinyyoustationery.com\/pt\/colorful-monster-themed-notebook-labels-fun-and-vibrant-labels-for-kids-school-supplies\/","title":{"rendered":"Etiquetas coloridas para cadernos com o tema dos monstros - Etiquetas divertidas e vibrantes para material escolar das crian\u00e7as"},"content":{"rendered":"","protected":false},"excerpt":{"rendered":"<p>D\u00ea um toque divertido ao seu material escolar com este conjunto de etiquetas coloridas para cadernos com o tema de monstros. Concebidas para crian\u00e7as, estas etiquetas s\u00e3o cor-de-rosa, amarelas e verdes com ilustra\u00e7\u00f5es engra\u00e7adas e peculiares de monstros. Perfeitas para organizar cadernos, pastas ou livros, estas etiquetas facilitam a personaliza\u00e7\u00e3o do material escolar, mantendo-o divertido e \u00fanico. Ideais para o regresso \u00e0s aulas ou como complemento criativo da cole\u00e7\u00e3o de qualquer jovem estudante.<\/p>","protected":false},"featured_media":34116,"template":"","meta":[],"product_brand":[],"product_cat":[439,380,701],"product_tag":[],"class_list":{"0":"post-34115","1":"product","2":"type-product","3":"status-publish","4":"has-post-thumbnail","6":"product_cat-label","7":"product_cat-school-stationery","8":"product_cat-pixel-chomp-collection","10":"first","11":"instock","12":"shipping-taxable","13":"product-type-simple"},"_links":{"self":[{"href":"http:\/\/shinyyoustationery.com\/pt\/wp-json\/wp\/v2\/product\/34115","targetHints":{"allow":["GET"]}}],"collection":[{"href":"http:\/\/shinyyoustationery.com\/pt\/wp-json\/wp\/v2\/product"}],"about":[{"href":"http:\/\/shinyyoustationery.com\/pt\/wp-json\/wp\/v2\/types\/product"}],"version-history":[{"count":0,"href":"http:\/\/shinyyoustationery.com\/pt\/wp-json\/wp\/v2\/product\/34115\/revisions"}],"wp:featuredmedia":[{"embeddable":true,"href":"http:\/\/shinyyoustationery.com\/pt\/wp-json\/wp\/v2\/media\/34116"}],"wp:attachment":[{"href":"http:\/\/shinyyoustationery.com\/pt\/wp-json\/wp\/v2\/media?parent=34115"}],"wp:term":[{"taxonomy":"product_brand","embeddable":true,"href":"http:\/\/shinyyoustationery.com\/pt\/wp-json\/wp\/v2\/product_brand?post=34115"},{"taxonomy":"product_cat","embeddable":true,"href":"http:\/\/shinyyoustationery.com\/pt\/wp-json\/wp\/v2\/product_cat?post=34115"},{"taxonomy":"product_tag","embeddable":true,"href":"http:\/\/shinyyoustationery.com\/pt\/wp-json\/wp\/v2\/product_tag?post=34115"}],"curies":[{"name":"wp","href":"https:\/\/api.w.org\/{rel}","templated":true}]}}