{"id":34119,"date":"2025-06-30T17:23:55","date_gmt":"2025-06-30T09:23:55","guid":{"rendered":"http:\/\/45.63.70.205\/?post_type=product&#038;p=34119"},"modified":"2025-06-30T17:23:55","modified_gmt":"2025-06-30T09:23:55","slug":"pixel-chomp-blue-b6-spiral-notebook-fun-and-playful-for-kids-school-and-creative-use","status":"publish","type":"product","link":"http:\/\/shinyyoustationery.com\/pt\/pixel-chomp-blue-b6-spiral-notebook-fun-and-playful-for-kids-school-and-creative-use\/","title":{"rendered":"Pixel &amp; Chomp Caderno espiral B6 azul - Divertido e l\u00fadico para crian\u00e7as, escola e utiliza\u00e7\u00e3o criativa"},"content":{"rendered":"","protected":false},"excerpt":{"rendered":"<p>Este <strong data-start=\"130\" data-end=\"168\">Caderno espiral azul Pixel &amp; Chomp<\/strong> \u00e9 perfeito para crian\u00e7as, estudantes e criativos que adoram um design l\u00fadico e vibrante. Com um divertido monstro pixelizado com \u00f3culos de sol, este caderno \u00e9 ideal para tomar notas, fazer esbo\u00e7os ou escrever um di\u00e1rio. O design de capa mole e a encaderna\u00e7\u00e3o em espiral facilitam a sua utiliza\u00e7\u00e3o na escola, em casa ou em viagem. Um \u00f3timo complemento para qualquer <strong data-start=\"486\" data-end=\"503\">Pixel e Chomp<\/strong> cole\u00e7\u00e3o!<\/p>","protected":false},"featured_media":34120,"template":"","meta":[],"product_brand":[],"product_cat":[493,387,701],"product_tag":[],"class_list":{"0":"post-34119","1":"product","2":"type-product","3":"status-publish","4":"has-post-thumbnail","6":"product_cat-spiral-notebook","7":"product_cat-notebooks-journals","8":"product_cat-pixel-chomp-collection","10":"first","11":"instock","12":"shipping-taxable","13":"product-type-simple"},"_links":{"self":[{"href":"http:\/\/shinyyoustationery.com\/pt\/wp-json\/wp\/v2\/product\/34119","targetHints":{"allow":["GET"]}}],"collection":[{"href":"http:\/\/shinyyoustationery.com\/pt\/wp-json\/wp\/v2\/product"}],"about":[{"href":"http:\/\/shinyyoustationery.com\/pt\/wp-json\/wp\/v2\/types\/product"}],"version-history":[{"count":0,"href":"http:\/\/shinyyoustationery.com\/pt\/wp-json\/wp\/v2\/product\/34119\/revisions"}],"wp:featuredmedia":[{"embeddable":true,"href":"http:\/\/shinyyoustationery.com\/pt\/wp-json\/wp\/v2\/media\/34120"}],"wp:attachment":[{"href":"http:\/\/shinyyoustationery.com\/pt\/wp-json\/wp\/v2\/media?parent=34119"}],"wp:term":[{"taxonomy":"product_brand","embeddable":true,"href":"http:\/\/shinyyoustationery.com\/pt\/wp-json\/wp\/v2\/product_brand?post=34119"},{"taxonomy":"product_cat","embeddable":true,"href":"http:\/\/shinyyoustationery.com\/pt\/wp-json\/wp\/v2\/product_cat?post=34119"},{"taxonomy":"product_tag","embeddable":true,"href":"http:\/\/shinyyoustationery.com\/pt\/wp-json\/wp\/v2\/product_tag?post=34119"}],"curies":[{"name":"wp","href":"https:\/\/api.w.org\/{rel}","templated":true}]}}