{"id":34122,"date":"2025-06-30T17:24:15","date_gmt":"2025-06-30T09:24:15","guid":{"rendered":"http:\/\/45.63.70.205\/?post_type=product&#038;p=34122"},"modified":"2025-06-30T17:28:48","modified_gmt":"2025-06-30T09:28:48","slug":"pixel-chomp-blue-a6-spiral-notebook-fun-and-stylish-for-kids-school-and-office","status":"publish","type":"product","link":"http:\/\/shinyyoustationery.com\/pt\/pixel-chomp-blue-a6-spiral-notebook-fun-and-stylish-for-kids-school-and-office\/","title":{"rendered":"Pixel &amp; Chomp Blue A6 Spiral Notebook - Divertido e elegante para crian\u00e7as, escola e escrit\u00f3rio"},"content":{"rendered":"","protected":false},"excerpt":{"rendered":"<p>Este <strong data-start=\"124\" data-end=\"162\">Caderno espiral azul Pixel &amp; Chomp<\/strong> apresenta um design l\u00fadico com uma personagem monstruosa pixelizada, perfeito para estudantes, crian\u00e7as ou qualquer pessoa que goste de artigos de papelaria peculiares e divertidos. A capa mole e o design em espiral facilitam a sua utiliza\u00e7\u00e3o na escola, em casa ou no escrit\u00f3rio para tomar notas, escrever no di\u00e1rio ou realizar projectos criativos. A sua cor azul vibrante e o design arrojado de um monstro conferem personalidade ao seu espa\u00e7o de trabalho, tornando-o uma excelente adi\u00e7\u00e3o \u00e0 sua cole\u00e7\u00e3o de <strong data-start=\"562\" data-end=\"579\">Pixel e Chomp<\/strong> cole\u00e7\u00e3o!<\/p>","protected":false},"featured_media":34123,"template":"","meta":[],"product_brand":[],"product_cat":[493,387,668,701],"product_tag":[],"class_list":{"0":"post-34122","1":"product","2":"type-product","3":"status-publish","4":"has-post-thumbnail","6":"product_cat-spiral-notebook","7":"product_cat-notebooks-journals","8":"product_cat-softcover-notebook","9":"product_cat-pixel-chomp-collection","11":"first","12":"instock","13":"shipping-taxable","14":"product-type-simple"},"_links":{"self":[{"href":"http:\/\/shinyyoustationery.com\/pt\/wp-json\/wp\/v2\/product\/34122","targetHints":{"allow":["GET"]}}],"collection":[{"href":"http:\/\/shinyyoustationery.com\/pt\/wp-json\/wp\/v2\/product"}],"about":[{"href":"http:\/\/shinyyoustationery.com\/pt\/wp-json\/wp\/v2\/types\/product"}],"version-history":[{"count":0,"href":"http:\/\/shinyyoustationery.com\/pt\/wp-json\/wp\/v2\/product\/34122\/revisions"}],"wp:featuredmedia":[{"embeddable":true,"href":"http:\/\/shinyyoustationery.com\/pt\/wp-json\/wp\/v2\/media\/34123"}],"wp:attachment":[{"href":"http:\/\/shinyyoustationery.com\/pt\/wp-json\/wp\/v2\/media?parent=34122"}],"wp:term":[{"taxonomy":"product_brand","embeddable":true,"href":"http:\/\/shinyyoustationery.com\/pt\/wp-json\/wp\/v2\/product_brand?post=34122"},{"taxonomy":"product_cat","embeddable":true,"href":"http:\/\/shinyyoustationery.com\/pt\/wp-json\/wp\/v2\/product_cat?post=34122"},{"taxonomy":"product_tag","embeddable":true,"href":"http:\/\/shinyyoustationery.com\/pt\/wp-json\/wp\/v2\/product_tag?post=34122"}],"curies":[{"name":"wp","href":"https:\/\/api.w.org\/{rel}","templated":true}]}}