{"id":34139,"date":"2025-06-30T18:51:59","date_gmt":"2025-06-30T10:51:59","guid":{"rendered":"http:\/\/45.63.70.205\/?post_type=product&#038;p=34139"},"modified":"2025-06-30T18:51:59","modified_gmt":"2025-06-30T10:51:59","slug":"pixel-chomp-correction-tape-set-fun-and-bright-design-for-school-office","status":"publish","type":"product","link":"http:\/\/shinyyoustationery.com\/pt\/pixel-chomp-correction-tape-set-fun-and-bright-design-for-school-office\/","title":{"rendered":"Conjunto de fitas de corre\u00e7\u00e3o Pixel e Chomp - Design divertido e brilhante para a escola e o escrit\u00f3rio"},"content":{"rendered":"","protected":false},"excerpt":{"rendered":"<p>Este conjunto colorido de fitas corretoras Pixel e Chomp inclui dois aplicadores f\u00e1ceis de utilizar com detalhes em verde vibrante, tornando-o perfeito para estudantes, trabalhadores de escrit\u00f3rio ou qualquer pessoa que necessite de uma forma divertida e eficaz de corrigir erros. Compacto e fi\u00e1vel, \u00e9 ideal para retoques r\u00e1pidos no papel, garantindo sempre correc\u00e7\u00f5es suaves e limpas.<\/p>","protected":false},"featured_media":34141,"template":"","meta":[],"product_brand":[],"product_cat":[394,701],"product_tag":[],"class_list":{"0":"post-34139","1":"product","2":"type-product","3":"status-publish","4":"has-post-thumbnail","6":"product_cat-correction-supplies","7":"product_cat-pixel-chomp-collection","9":"first","10":"instock","11":"shipping-taxable","12":"product-type-simple"},"_links":{"self":[{"href":"http:\/\/shinyyoustationery.com\/pt\/wp-json\/wp\/v2\/product\/34139","targetHints":{"allow":["GET"]}}],"collection":[{"href":"http:\/\/shinyyoustationery.com\/pt\/wp-json\/wp\/v2\/product"}],"about":[{"href":"http:\/\/shinyyoustationery.com\/pt\/wp-json\/wp\/v2\/types\/product"}],"version-history":[{"count":0,"href":"http:\/\/shinyyoustationery.com\/pt\/wp-json\/wp\/v2\/product\/34139\/revisions"}],"wp:featuredmedia":[{"embeddable":true,"href":"http:\/\/shinyyoustationery.com\/pt\/wp-json\/wp\/v2\/media\/34141"}],"wp:attachment":[{"href":"http:\/\/shinyyoustationery.com\/pt\/wp-json\/wp\/v2\/media?parent=34139"}],"wp:term":[{"taxonomy":"product_brand","embeddable":true,"href":"http:\/\/shinyyoustationery.com\/pt\/wp-json\/wp\/v2\/product_brand?post=34139"},{"taxonomy":"product_cat","embeddable":true,"href":"http:\/\/shinyyoustationery.com\/pt\/wp-json\/wp\/v2\/product_cat?post=34139"},{"taxonomy":"product_tag","embeddable":true,"href":"http:\/\/shinyyoustationery.com\/pt\/wp-json\/wp\/v2\/product_tag?post=34139"}],"curies":[{"name":"wp","href":"https:\/\/api.w.org\/{rel}","templated":true}]}}