{"id":34164,"date":"2025-06-30T19:48:45","date_gmt":"2025-06-30T11:48:45","guid":{"rendered":"http:\/\/45.63.70.205\/?post_type=product&#038;p=34164"},"modified":"2025-07-07T15:17:50","modified_gmt":"2025-07-07T07:17:50","slug":"red-and-green-pencil-cases-vibrant-colors-with-humorous-messages-for-teens-and-adults","status":"publish","type":"product","link":"http:\/\/shinyyoustationery.com\/pt\/red-and-green-pencil-cases-vibrant-colors-with-humorous-messages-for-teens-and-adults\/","title":{"rendered":"Estojos de l\u00e1pis vermelhos e verdes - Cores vibrantes com mensagens humor\u00edsticas para adolescentes e adultos"},"content":{"rendered":"","protected":false},"excerpt":{"rendered":"<p>D\u00ea um toque de personalidade \u00e0 sua secret\u00e1ria com os nossos estojos para l\u00e1pis Arts &amp; Crafts em cores fortes como o verde e o vermelho. Com mensagens divertidas como \"You've got the WRITE stuff\" e \"Find your own pen\", estes estojos s\u00e3o perfeitos para quem aprecia humor nos seus materiais di\u00e1rios. Ideal para estudantes, professores ou qualquer pessoa que goste de manter as suas canetas e l\u00e1pis organizados com um toque divertido!<\/p>","protected":false},"featured_media":34166,"template":"","meta":[],"product_brand":[],"product_cat":[520,477,702],"product_tag":[],"class_list":{"0":"post-34164","1":"product","2":"type-product","3":"status-publish","4":"has-post-thumbnail","6":"product_cat-pencil-case-pouch","7":"product_cat-school-bags","8":"product_cat-arts-crafts-collection","10":"first","11":"instock","12":"shipping-taxable","13":"product-type-simple"},"_links":{"self":[{"href":"http:\/\/shinyyoustationery.com\/pt\/wp-json\/wp\/v2\/product\/34164","targetHints":{"allow":["GET"]}}],"collection":[{"href":"http:\/\/shinyyoustationery.com\/pt\/wp-json\/wp\/v2\/product"}],"about":[{"href":"http:\/\/shinyyoustationery.com\/pt\/wp-json\/wp\/v2\/types\/product"}],"version-history":[{"count":0,"href":"http:\/\/shinyyoustationery.com\/pt\/wp-json\/wp\/v2\/product\/34164\/revisions"}],"wp:featuredmedia":[{"embeddable":true,"href":"http:\/\/shinyyoustationery.com\/pt\/wp-json\/wp\/v2\/media\/34166"}],"wp:attachment":[{"href":"http:\/\/shinyyoustationery.com\/pt\/wp-json\/wp\/v2\/media?parent=34164"}],"wp:term":[{"taxonomy":"product_brand","embeddable":true,"href":"http:\/\/shinyyoustationery.com\/pt\/wp-json\/wp\/v2\/product_brand?post=34164"},{"taxonomy":"product_cat","embeddable":true,"href":"http:\/\/shinyyoustationery.com\/pt\/wp-json\/wp\/v2\/product_cat?post=34164"},{"taxonomy":"product_tag","embeddable":true,"href":"http:\/\/shinyyoustationery.com\/pt\/wp-json\/wp\/v2\/product_tag?post=34164"}],"curies":[{"name":"wp","href":"https:\/\/api.w.org\/{rel}","templated":true}]}}