{"id":34169,"date":"2025-06-30T19:58:25","date_gmt":"2025-06-30T11:58:25","guid":{"rendered":"http:\/\/45.63.70.205\/?post_type=product&#038;p=34169"},"modified":"2025-07-07T15:17:44","modified_gmt":"2025-07-07T07:17:44","slug":"colorful-mesh-pencil-cases-perfect-for-school-office","status":"publish","type":"product","link":"http:\/\/shinyyoustationery.com\/pt\/colorful-mesh-pencil-cases-perfect-for-school-office\/","title":{"rendered":"Estojos de l\u00e1pis de malha coloridos - perfeitos para a escola e o escrit\u00f3rio"},"content":{"rendered":"","protected":false},"excerpt":{"rendered":"<p>Organize os seus objectos essenciais com estilo com estes estojos de l\u00e1pis de malha vibrante da cole\u00e7\u00e3o Arts &amp; Crafts. Dispon\u00edveis em cores vivas como o verde, o cor-de-rosa e o roxo, estes estojos duradouros s\u00e3o perfeitos para estudantes, trabalhadores de escrit\u00f3rio ou viajantes. O design transparente permite-lhe identificar rapidamente os seus objectos, enquanto o fecho de correr seguro garante que tudo se mant\u00e9m no lugar. Ideal para canetas, l\u00e1pis, maquilhagem ou pequenos acess\u00f3rios!<\/p>","protected":false},"featured_media":34171,"template":"","meta":[],"product_brand":[],"product_cat":[520,477,702],"product_tag":[],"class_list":{"0":"post-34169","1":"product","2":"type-product","3":"status-publish","4":"has-post-thumbnail","6":"product_cat-pencil-case-pouch","7":"product_cat-school-bags","8":"product_cat-arts-crafts-collection","10":"first","11":"instock","12":"shipping-taxable","13":"product-type-simple"},"_links":{"self":[{"href":"http:\/\/shinyyoustationery.com\/pt\/wp-json\/wp\/v2\/product\/34169","targetHints":{"allow":["GET"]}}],"collection":[{"href":"http:\/\/shinyyoustationery.com\/pt\/wp-json\/wp\/v2\/product"}],"about":[{"href":"http:\/\/shinyyoustationery.com\/pt\/wp-json\/wp\/v2\/types\/product"}],"version-history":[{"count":0,"href":"http:\/\/shinyyoustationery.com\/pt\/wp-json\/wp\/v2\/product\/34169\/revisions"}],"wp:featuredmedia":[{"embeddable":true,"href":"http:\/\/shinyyoustationery.com\/pt\/wp-json\/wp\/v2\/media\/34171"}],"wp:attachment":[{"href":"http:\/\/shinyyoustationery.com\/pt\/wp-json\/wp\/v2\/media?parent=34169"}],"wp:term":[{"taxonomy":"product_brand","embeddable":true,"href":"http:\/\/shinyyoustationery.com\/pt\/wp-json\/wp\/v2\/product_brand?post=34169"},{"taxonomy":"product_cat","embeddable":true,"href":"http:\/\/shinyyoustationery.com\/pt\/wp-json\/wp\/v2\/product_cat?post=34169"},{"taxonomy":"product_tag","embeddable":true,"href":"http:\/\/shinyyoustationery.com\/pt\/wp-json\/wp\/v2\/product_tag?post=34169"}],"curies":[{"name":"wp","href":"https:\/\/api.w.org\/{rel}","templated":true}]}}