{"id":34173,"date":"2025-06-30T20:06:55","date_gmt":"2025-06-30T12:06:55","guid":{"rendered":"http:\/\/45.63.70.205\/?post_type=product&#038;p=34173"},"modified":"2025-07-08T14:54:25","modified_gmt":"2025-07-08T06:54:25","slug":"vibrant-assorted-paint-brushes-perfect-for-artists-kids-and-craft-enthusiasts","status":"publish","type":"product","link":"http:\/\/shinyyoustationery.com\/pt\/vibrant-assorted-paint-brushes-perfect-for-artists-kids-and-craft-enthusiasts\/","title":{"rendered":"Pinc\u00e9is vibrantes e variados - perfeitos para artistas, crian\u00e7as e entusiastas de trabalhos manuais"},"content":{"rendered":"","protected":false},"excerpt":{"rendered":"<p>D\u00ea asas \u00e0 sua criatividade com este conjunto de 15 pinc\u00e9is variados da nossa cole\u00e7\u00e3o Arts &amp; Crafts! Com cabos brilhantes e coloridos em vermelho, azul, amarelo, verde e muito mais, estes pinc\u00e9is s\u00e3o ideais para artistas de todas as idades. Quer esteja a pintar em casa, na escola ou durante uma sess\u00e3o de trabalhos manuais, este conjunto vers\u00e1til \u00e9 perfeito para uma variedade de projectos. \u00d3timo para principiantes, estudantes e artistas experientes!<\/p>","protected":false},"featured_media":34174,"template":"","meta":[],"product_brand":[],"product_cat":[615,702,474],"product_tag":[],"class_list":{"0":"post-34173","1":"product","2":"type-product","3":"status-publish","4":"has-post-thumbnail","6":"product_cat-paint-brush","7":"product_cat-arts-crafts-collection","8":"product_cat-kids-stationery","10":"first","11":"instock","12":"shipping-taxable","13":"product-type-simple"},"_links":{"self":[{"href":"http:\/\/shinyyoustationery.com\/pt\/wp-json\/wp\/v2\/product\/34173","targetHints":{"allow":["GET"]}}],"collection":[{"href":"http:\/\/shinyyoustationery.com\/pt\/wp-json\/wp\/v2\/product"}],"about":[{"href":"http:\/\/shinyyoustationery.com\/pt\/wp-json\/wp\/v2\/types\/product"}],"version-history":[{"count":0,"href":"http:\/\/shinyyoustationery.com\/pt\/wp-json\/wp\/v2\/product\/34173\/revisions"}],"wp:featuredmedia":[{"embeddable":true,"href":"http:\/\/shinyyoustationery.com\/pt\/wp-json\/wp\/v2\/media\/34174"}],"wp:attachment":[{"href":"http:\/\/shinyyoustationery.com\/pt\/wp-json\/wp\/v2\/media?parent=34173"}],"wp:term":[{"taxonomy":"product_brand","embeddable":true,"href":"http:\/\/shinyyoustationery.com\/pt\/wp-json\/wp\/v2\/product_brand?post=34173"},{"taxonomy":"product_cat","embeddable":true,"href":"http:\/\/shinyyoustationery.com\/pt\/wp-json\/wp\/v2\/product_cat?post=34173"},{"taxonomy":"product_tag","embeddable":true,"href":"http:\/\/shinyyoustationery.com\/pt\/wp-json\/wp\/v2\/product_tag?post=34173"}],"curies":[{"name":"wp","href":"https:\/\/api.w.org\/{rel}","templated":true}]}}