{"id":34193,"date":"2025-07-01T13:18:05","date_gmt":"2025-07-01T05:18:05","guid":{"rendered":"http:\/\/45.63.70.205\/?post_type=product&#038;p=34193"},"modified":"2025-07-02T19:35:38","modified_gmt":"2025-07-02T11:35:38","slug":"green-ballpoint-pens-4-pack-with-black-ink-for-office-school","status":"publish","type":"product","link":"http:\/\/shinyyoustationery.com\/pt\/green-ballpoint-pens-4-pack-with-black-ink-for-office-school\/","title":{"rendered":"Canetas esferogr\u00e1ficas verdes - Conjunto de 4 unidades com tinta preta para escrit\u00f3rio e escola"},"content":{"rendered":"","protected":false},"excerpt":{"rendered":"<p>Este pacote de 4 esferogr\u00e1ficas verdes vibrantes possui tinta preta suave, perfeita para escrever, tomar notas ou realizar tarefas quotidianas no escrit\u00f3rio ou na escola. O seu design elegante e a pega confort\u00e1vel tornam-nas ideais para estudantes e profissionais que precisam de canetas fi\u00e1veis e de qualidade para uso di\u00e1rio.<\/p>","protected":false},"featured_media":34194,"template":"","meta":[],"product_brand":[],"product_cat":[479,415,702],"product_tag":[],"class_list":{"0":"post-34193","1":"product","2":"type-product","3":"status-publish","4":"has-post-thumbnail","6":"product_cat-ballpoint-pen","7":"product_cat-pen","8":"product_cat-arts-crafts-collection","10":"first","11":"instock","12":"shipping-taxable","13":"product-type-simple"},"_links":{"self":[{"href":"http:\/\/shinyyoustationery.com\/pt\/wp-json\/wp\/v2\/product\/34193","targetHints":{"allow":["GET"]}}],"collection":[{"href":"http:\/\/shinyyoustationery.com\/pt\/wp-json\/wp\/v2\/product"}],"about":[{"href":"http:\/\/shinyyoustationery.com\/pt\/wp-json\/wp\/v2\/types\/product"}],"version-history":[{"count":0,"href":"http:\/\/shinyyoustationery.com\/pt\/wp-json\/wp\/v2\/product\/34193\/revisions"}],"wp:featuredmedia":[{"embeddable":true,"href":"http:\/\/shinyyoustationery.com\/pt\/wp-json\/wp\/v2\/media\/34194"}],"wp:attachment":[{"href":"http:\/\/shinyyoustationery.com\/pt\/wp-json\/wp\/v2\/media?parent=34193"}],"wp:term":[{"taxonomy":"product_brand","embeddable":true,"href":"http:\/\/shinyyoustationery.com\/pt\/wp-json\/wp\/v2\/product_brand?post=34193"},{"taxonomy":"product_cat","embeddable":true,"href":"http:\/\/shinyyoustationery.com\/pt\/wp-json\/wp\/v2\/product_cat?post=34193"},{"taxonomy":"product_tag","embeddable":true,"href":"http:\/\/shinyyoustationery.com\/pt\/wp-json\/wp\/v2\/product_tag?post=34193"}],"curies":[{"name":"wp","href":"https:\/\/api.w.org\/{rel}","templated":true}]}}