{"id":34201,"date":"2025-07-01T13:42:29","date_gmt":"2025-07-01T05:42:29","guid":{"rendered":"http:\/\/45.63.70.205\/?post_type=product&#038;p=34201"},"modified":"2025-07-08T20:43:12","modified_gmt":"2025-07-08T12:43:12","slug":"glittery-red-a5-spiral-notebook-stylish-softcover-for-school-office","status":"publish","type":"product","link":"http:\/\/shinyyoustationery.com\/pt\/glittery-red-a5-spiral-notebook-stylish-softcover-for-school-office\/","title":{"rendered":"Caderno espiral A5 vermelho brilhante - Capa mole com estilo para a escola e o escrit\u00f3rio"},"content":{"rendered":"","protected":false},"excerpt":{"rendered":"<p>Este apelativo caderno A5 com espiral apresenta uma capa mole vermelha cintilante, perfeito para estudantes, profissionais ou qualquer pessoa que queira dar um toque de brilho \u00e0s suas notas. O design exclusivo \"OXO\" acrescenta um toque l\u00fadico, tornando-o uma escolha divertida para a escrita criativa, o di\u00e1rio ou o planeamento di\u00e1rio. Compacto e duradouro, \u00e9 ideal para transportar em mochilas, bolsas ou sacos de trabalho.<\/p>","protected":false},"featured_media":34203,"template":"","meta":[],"product_brand":[],"product_cat":[493,387],"product_tag":[],"class_list":{"0":"post-34201","1":"product","2":"type-product","3":"status-publish","4":"has-post-thumbnail","6":"product_cat-spiral-notebook","7":"product_cat-notebooks-journals","9":"first","10":"instock","11":"shipping-taxable","12":"product-type-simple"},"_links":{"self":[{"href":"http:\/\/shinyyoustationery.com\/pt\/wp-json\/wp\/v2\/product\/34201","targetHints":{"allow":["GET"]}}],"collection":[{"href":"http:\/\/shinyyoustationery.com\/pt\/wp-json\/wp\/v2\/product"}],"about":[{"href":"http:\/\/shinyyoustationery.com\/pt\/wp-json\/wp\/v2\/types\/product"}],"version-history":[{"count":0,"href":"http:\/\/shinyyoustationery.com\/pt\/wp-json\/wp\/v2\/product\/34201\/revisions"}],"wp:featuredmedia":[{"embeddable":true,"href":"http:\/\/shinyyoustationery.com\/pt\/wp-json\/wp\/v2\/media\/34203"}],"wp:attachment":[{"href":"http:\/\/shinyyoustationery.com\/pt\/wp-json\/wp\/v2\/media?parent=34201"}],"wp:term":[{"taxonomy":"product_brand","embeddable":true,"href":"http:\/\/shinyyoustationery.com\/pt\/wp-json\/wp\/v2\/product_brand?post=34201"},{"taxonomy":"product_cat","embeddable":true,"href":"http:\/\/shinyyoustationery.com\/pt\/wp-json\/wp\/v2\/product_cat?post=34201"},{"taxonomy":"product_tag","embeddable":true,"href":"http:\/\/shinyyoustationery.com\/pt\/wp-json\/wp\/v2\/product_tag?post=34201"}],"curies":[{"name":"wp","href":"https:\/\/api.w.org\/{rel}","templated":true}]}}