{"id":34210,"date":"2025-07-01T13:50:33","date_gmt":"2025-07-01T05:50:33","guid":{"rendered":"http:\/\/45.63.70.205\/?post_type=product&#038;p=34210"},"modified":"2025-07-08T20:42:53","modified_gmt":"2025-07-08T12:42:53","slug":"elegant-rose-gold-glitter-a5-spiral-notebook-perfect-for-school-office","status":"publish","type":"product","link":"http:\/\/shinyyoustationery.com\/pt\/elegant-rose-gold-glitter-a5-spiral-notebook-perfect-for-school-office\/","title":{"rendered":"Caderno espiral A5 com brilhantes rosa dourado elegante - perfeito para a escola e o escrit\u00f3rioColec\u00e7\u00e3o Artes e Of\u00edcios"},"content":{"rendered":"","protected":false},"excerpt":{"rendered":"<p>Este sofisticado bloco de notas A5 em espiral combina estilo e funcionalidade, com um toque de ouro rosa brilhante na capa. Com a palavra \"NOTAS\" em letras elegantes, \u00e9 perfeito para estudantes, profissionais e qualquer pessoa que goste de artigos de papelaria chiques. Ideal para tomar notas, escrever no di\u00e1rio ou planear, este bloco de notas dar\u00e1 um toque de brilho \u00e0 sua rotina di\u00e1ria. Dur\u00e1vel e elegante, \u00e9 o acess\u00f3rio perfeito para o trabalho, a escola ou a casa.<\/p>","protected":false},"featured_media":34212,"template":"","meta":[],"product_brand":[],"product_cat":[493,387],"product_tag":[],"class_list":{"0":"post-34210","1":"product","2":"type-product","3":"status-publish","4":"has-post-thumbnail","6":"product_cat-spiral-notebook","7":"product_cat-notebooks-journals","9":"first","10":"instock","11":"shipping-taxable","12":"product-type-simple"},"_links":{"self":[{"href":"http:\/\/shinyyoustationery.com\/pt\/wp-json\/wp\/v2\/product\/34210","targetHints":{"allow":["GET"]}}],"collection":[{"href":"http:\/\/shinyyoustationery.com\/pt\/wp-json\/wp\/v2\/product"}],"about":[{"href":"http:\/\/shinyyoustationery.com\/pt\/wp-json\/wp\/v2\/types\/product"}],"version-history":[{"count":0,"href":"http:\/\/shinyyoustationery.com\/pt\/wp-json\/wp\/v2\/product\/34210\/revisions"}],"wp:featuredmedia":[{"embeddable":true,"href":"http:\/\/shinyyoustationery.com\/pt\/wp-json\/wp\/v2\/media\/34212"}],"wp:attachment":[{"href":"http:\/\/shinyyoustationery.com\/pt\/wp-json\/wp\/v2\/media?parent=34210"}],"wp:term":[{"taxonomy":"product_brand","embeddable":true,"href":"http:\/\/shinyyoustationery.com\/pt\/wp-json\/wp\/v2\/product_brand?post=34210"},{"taxonomy":"product_cat","embeddable":true,"href":"http:\/\/shinyyoustationery.com\/pt\/wp-json\/wp\/v2\/product_cat?post=34210"},{"taxonomy":"product_tag","embeddable":true,"href":"http:\/\/shinyyoustationery.com\/pt\/wp-json\/wp\/v2\/product_tag?post=34210"}],"curies":[{"name":"wp","href":"https:\/\/api.w.org\/{rel}","templated":true}]}}