{"id":34214,"date":"2025-07-01T14:03:34","date_gmt":"2025-07-01T06:03:34","guid":{"rendered":"http:\/\/45.63.70.205\/?post_type=product&#038;p=34214"},"modified":"2025-07-01T14:03:34","modified_gmt":"2025-07-01T06:03:34","slug":"12-color-slim-whiteboard-marker-set-perfect-for-classrooms-offices","status":"publish","type":"product","link":"http:\/\/shinyyoustationery.com\/pt\/12-color-slim-whiteboard-marker-set-perfect-for-classrooms-offices\/","title":{"rendered":"Conjunto de marcadores para quadro branco Slim de 12 cores - Perfeito para salas de aula e escrit\u00f3rios"},"content":{"rendered":"","protected":false},"excerpt":{"rendered":"<p>Este conjunto de 12 marcadores de quadro branco finos e vibrantes oferece uma variedade de cores, incluindo verde, roxo, azul, cor-de-rosa e amarelo. Concebidos para escrever e apagar facilmente, s\u00e3o perfeitos para utiliza\u00e7\u00e3o em salas de aula, escrit\u00f3rios ou espa\u00e7os de estudo em casa. Ideais para apresenta\u00e7\u00f5es, desenhar e tomar notas, estes marcadores proporcionam linhas suaves e consistentes para uma comunica\u00e7\u00e3o clara e criativa. O design fino torna-os f\u00e1ceis de manusear e guardar.<\/p>","protected":false},"featured_media":34215,"template":"","meta":[],"product_brand":[],"product_cat":[417,702],"product_tag":[],"class_list":{"0":"post-34214","1":"product","2":"type-product","3":"status-publish","4":"has-post-thumbnail","6":"product_cat-marker","7":"product_cat-arts-crafts-collection","9":"first","10":"instock","11":"shipping-taxable","12":"product-type-simple"},"_links":{"self":[{"href":"http:\/\/shinyyoustationery.com\/pt\/wp-json\/wp\/v2\/product\/34214","targetHints":{"allow":["GET"]}}],"collection":[{"href":"http:\/\/shinyyoustationery.com\/pt\/wp-json\/wp\/v2\/product"}],"about":[{"href":"http:\/\/shinyyoustationery.com\/pt\/wp-json\/wp\/v2\/types\/product"}],"version-history":[{"count":0,"href":"http:\/\/shinyyoustationery.com\/pt\/wp-json\/wp\/v2\/product\/34214\/revisions"}],"wp:featuredmedia":[{"embeddable":true,"href":"http:\/\/shinyyoustationery.com\/pt\/wp-json\/wp\/v2\/media\/34215"}],"wp:attachment":[{"href":"http:\/\/shinyyoustationery.com\/pt\/wp-json\/wp\/v2\/media?parent=34214"}],"wp:term":[{"taxonomy":"product_brand","embeddable":true,"href":"http:\/\/shinyyoustationery.com\/pt\/wp-json\/wp\/v2\/product_brand?post=34214"},{"taxonomy":"product_cat","embeddable":true,"href":"http:\/\/shinyyoustationery.com\/pt\/wp-json\/wp\/v2\/product_cat?post=34214"},{"taxonomy":"product_tag","embeddable":true,"href":"http:\/\/shinyyoustationery.com\/pt\/wp-json\/wp\/v2\/product_tag?post=34214"}],"curies":[{"name":"wp","href":"https:\/\/api.w.org\/{rel}","templated":true}]}}