{"id":34225,"date":"2025-07-01T14:25:06","date_gmt":"2025-07-01T06:25:06","guid":{"rendered":"http:\/\/45.63.70.205\/?post_type=product&#038;p=34225"},"modified":"2025-07-01T14:25:06","modified_gmt":"2025-07-01T06:25:06","slug":"4-piece-glue-set-white-glue-glue-sticks-for-school-crafts-office","status":"publish","type":"product","link":"http:\/\/shinyyoustationery.com\/pt\/4-piece-glue-set-white-glue-glue-sticks-for-school-crafts-office\/","title":{"rendered":"Conjunto de cola de 4 pe\u00e7as - Cola branca e bast\u00f5es de cola para a escola, trabalhos manuais e escrit\u00f3rio"},"content":{"rendered":"","protected":false},"excerpt":{"rendered":"<p>Este vers\u00e1til conjunto de 4 pe\u00e7as de cola inclui um frasco de 60 ml de cola branca e tr\u00eas bast\u00f5es de cola (9 g cada), perfeitos para uma variedade de utiliza\u00e7\u00f5es. Ideal para estudantes, artistas e artes\u00e3os, este conjunto \u00e9 \u00f3timo para projectos escolares, trabalhos de bricolage e tarefas de escrit\u00f3rio. Quer necessite de cola l\u00edquida ou em bast\u00e3o, este conjunto oferece a flexibilidade necess\u00e1ria para satisfazer todas as suas necessidades de colagem com facilidade.<\/p>","protected":false},"featured_media":34226,"template":"","meta":[],"product_brand":[],"product_cat":[502,506,507,702],"product_tag":[],"class_list":{"0":"post-34225","1":"product","2":"type-product","3":"status-publish","4":"has-post-thumbnail","6":"product_cat-glue-adhesive","7":"product_cat-glue-stick","8":"product_cat-liquid-glue","9":"product_cat-arts-crafts-collection","11":"first","12":"instock","13":"shipping-taxable","14":"product-type-simple"},"_links":{"self":[{"href":"http:\/\/shinyyoustationery.com\/pt\/wp-json\/wp\/v2\/product\/34225","targetHints":{"allow":["GET"]}}],"collection":[{"href":"http:\/\/shinyyoustationery.com\/pt\/wp-json\/wp\/v2\/product"}],"about":[{"href":"http:\/\/shinyyoustationery.com\/pt\/wp-json\/wp\/v2\/types\/product"}],"version-history":[{"count":0,"href":"http:\/\/shinyyoustationery.com\/pt\/wp-json\/wp\/v2\/product\/34225\/revisions"}],"wp:featuredmedia":[{"embeddable":true,"href":"http:\/\/shinyyoustationery.com\/pt\/wp-json\/wp\/v2\/media\/34226"}],"wp:attachment":[{"href":"http:\/\/shinyyoustationery.com\/pt\/wp-json\/wp\/v2\/media?parent=34225"}],"wp:term":[{"taxonomy":"product_brand","embeddable":true,"href":"http:\/\/shinyyoustationery.com\/pt\/wp-json\/wp\/v2\/product_brand?post=34225"},{"taxonomy":"product_cat","embeddable":true,"href":"http:\/\/shinyyoustationery.com\/pt\/wp-json\/wp\/v2\/product_cat?post=34225"},{"taxonomy":"product_tag","embeddable":true,"href":"http:\/\/shinyyoustationery.com\/pt\/wp-json\/wp\/v2\/product_tag?post=34225"}],"curies":[{"name":"wp","href":"https:\/\/api.w.org\/{rel}","templated":true}]}}