{"id":34237,"date":"2025-07-01T15:02:45","date_gmt":"2025-07-01T07:02:45","guid":{"rendered":"http:\/\/45.63.70.205\/?post_type=product&#038;p=34237"},"modified":"2025-07-07T15:23:49","modified_gmt":"2025-07-07T07:23:49","slug":"cute-panda-themed-coin-bank-fun-savings-bank-for-kids","status":"publish","type":"product","link":"http:\/\/shinyyoustationery.com\/pt\/cute-panda-themed-coin-bank-fun-savings-bank-for-kids\/","title":{"rendered":"Banco de moedas com o tema do Panda - Banco de poupan\u00e7a divertido para crian\u00e7as"},"content":{"rendered":"","protected":false},"excerpt":{"rendered":"<p>Este ador\u00e1vel porta-moedas com tema de panda \u00e9 perfeito para ensinar as crian\u00e7as a poupar dinheiro. Com um design l\u00fadico que inclui pandas a patinar e estrelas, d\u00e1 um toque divertido a qualquer divis\u00e3o. Ideal para crian\u00e7as, este porta-moedas incentiva a poupan\u00e7a de uma forma divertida e cativante. A ranhura f\u00e1cil de utilizar facilita o dep\u00f3sito de moedas, tornando-o uma \u00f3ptima adi\u00e7\u00e3o ao quarto ou \u00e0 \u00e1rea de lazer de qualquer crian\u00e7a.<\/p>","protected":false},"featured_media":34239,"template":"","meta":[],"product_brand":[],"product_cat":[702,477,716],"product_tag":[],"class_list":{"0":"post-34237","1":"product","2":"type-product","3":"status-publish","4":"has-post-thumbnail","6":"product_cat-arts-crafts-collection","7":"product_cat-school-bags","8":"product_cat-coin-purse","10":"first","11":"instock","12":"shipping-taxable","13":"product-type-simple"},"_links":{"self":[{"href":"http:\/\/shinyyoustationery.com\/pt\/wp-json\/wp\/v2\/product\/34237","targetHints":{"allow":["GET"]}}],"collection":[{"href":"http:\/\/shinyyoustationery.com\/pt\/wp-json\/wp\/v2\/product"}],"about":[{"href":"http:\/\/shinyyoustationery.com\/pt\/wp-json\/wp\/v2\/types\/product"}],"version-history":[{"count":0,"href":"http:\/\/shinyyoustationery.com\/pt\/wp-json\/wp\/v2\/product\/34237\/revisions"}],"wp:featuredmedia":[{"embeddable":true,"href":"http:\/\/shinyyoustationery.com\/pt\/wp-json\/wp\/v2\/media\/34239"}],"wp:attachment":[{"href":"http:\/\/shinyyoustationery.com\/pt\/wp-json\/wp\/v2\/media?parent=34237"}],"wp:term":[{"taxonomy":"product_brand","embeddable":true,"href":"http:\/\/shinyyoustationery.com\/pt\/wp-json\/wp\/v2\/product_brand?post=34237"},{"taxonomy":"product_cat","embeddable":true,"href":"http:\/\/shinyyoustationery.com\/pt\/wp-json\/wp\/v2\/product_cat?post=34237"},{"taxonomy":"product_tag","embeddable":true,"href":"http:\/\/shinyyoustationery.com\/pt\/wp-json\/wp\/v2\/product_tag?post=34237"}],"curies":[{"name":"wp","href":"https:\/\/api.w.org\/{rel}","templated":true}]}}