{"id":34248,"date":"2025-07-01T15:10:17","date_gmt":"2025-07-01T07:10:17","guid":{"rendered":"http:\/\/45.63.70.205\/?post_type=product&#038;p=34248"},"modified":"2025-08-12T18:52:14","modified_gmt":"2025-08-13T02:52:14","slug":"space-themed-coin-bank-fun-savings-bank-with-animals-in-space-suits","status":"publish","type":"product","link":"http:\/\/shinyyoustationery.com\/pt\/space-themed-coin-bank-fun-savings-bank-with-animals-in-space-suits\/","title":{"rendered":"Banco de moedas com tema espacial - Caixa de poupan\u00e7a divertida com animais em fatos espaciais"},"content":{"rendered":"","protected":false},"excerpt":{"rendered":"<p>Este encantador banco de moedas com tema de unic\u00f3rnio apresenta um design colorido com unic\u00f3rnios e estrelas divertidos num fundo cor-de-rosa. Perfeito para crian\u00e7as pequenas, incentiva a poupan\u00e7a de uma forma divertida e imaginativa. A ranhura f\u00e1cil de utilizar permite que as crian\u00e7as depositem as suas moedas com facilidade, tornando-o uma adi\u00e7\u00e3o agrad\u00e1vel a qualquer quarto ou \u00e1rea de jogo. Ideal para ensinar \u00e0s crian\u00e7as o valor da poupan\u00e7a, dando ao mesmo tempo um toque m\u00e1gico ao seu espa\u00e7o.<\/p>","protected":false},"featured_media":34249,"template":"","meta":[],"product_brand":[],"product_cat":[702,477,716],"product_tag":[],"class_list":{"0":"post-34248","1":"product","2":"type-product","3":"status-publish","4":"has-post-thumbnail","6":"product_cat-arts-crafts-collection","7":"product_cat-school-bags","8":"product_cat-coin-purse","10":"first","11":"instock","12":"shipping-taxable","13":"product-type-simple"},"_links":{"self":[{"href":"http:\/\/shinyyoustationery.com\/pt\/wp-json\/wp\/v2\/product\/34248","targetHints":{"allow":["GET"]}}],"collection":[{"href":"http:\/\/shinyyoustationery.com\/pt\/wp-json\/wp\/v2\/product"}],"about":[{"href":"http:\/\/shinyyoustationery.com\/pt\/wp-json\/wp\/v2\/types\/product"}],"version-history":[{"count":0,"href":"http:\/\/shinyyoustationery.com\/pt\/wp-json\/wp\/v2\/product\/34248\/revisions"}],"wp:featuredmedia":[{"embeddable":true,"href":"http:\/\/shinyyoustationery.com\/pt\/wp-json\/wp\/v2\/media\/34249"}],"wp:attachment":[{"href":"http:\/\/shinyyoustationery.com\/pt\/wp-json\/wp\/v2\/media?parent=34248"}],"wp:term":[{"taxonomy":"product_brand","embeddable":true,"href":"http:\/\/shinyyoustationery.com\/pt\/wp-json\/wp\/v2\/product_brand?post=34248"},{"taxonomy":"product_cat","embeddable":true,"href":"http:\/\/shinyyoustationery.com\/pt\/wp-json\/wp\/v2\/product_cat?post=34248"},{"taxonomy":"product_tag","embeddable":true,"href":"http:\/\/shinyyoustationery.com\/pt\/wp-json\/wp\/v2\/product_tag?post=34248"}],"curies":[{"name":"wp","href":"https:\/\/api.w.org\/{rel}","templated":true}]}}