{"id":34252,"date":"2025-07-01T15:16:40","date_gmt":"2025-07-01T07:16:40","guid":{"rendered":"http:\/\/45.63.70.205\/?post_type=product&#038;p=34252"},"modified":"2025-08-12T18:52:26","modified_gmt":"2025-08-13T02:52:26","slug":"space-adventure-coin-bank-fun-savings-bank-with-astronauts-and-aliens","status":"publish","type":"product","link":"http:\/\/shinyyoustationery.com\/pt\/space-adventure-coin-bank-fun-savings-bank-with-astronauts-and-aliens\/","title":{"rendered":"Space Adventure Coin Bank - Caixa de Poupan\u00e7a Divertida com Astronautas e Extraterrestres"},"content":{"rendered":"","protected":false},"excerpt":{"rendered":"<p>Este encantador banco de moedas com tema espacial apresenta um design divertido com astronautas, OVNIs e estrelas, juntamente com a frase \"Travel in Space\". Perfeito para as crian\u00e7as que s\u00e3o fascinadas pelo espa\u00e7o, torna a poupan\u00e7a de dinheiro divertida enquanto alimenta a sua imagina\u00e7\u00e3o. A ranhura f\u00e1cil de usar permite dep\u00f3sitos sem problemas e o seu design giro \u00e9 um \u00f3timo complemento para o quarto ou \u00e1rea de lazer de qualquer crian\u00e7a.<\/p>","protected":false},"featured_media":34253,"template":"","meta":[],"product_brand":[],"product_cat":[702,477,716],"product_tag":[],"class_list":{"0":"post-34252","1":"product","2":"type-product","3":"status-publish","4":"has-post-thumbnail","6":"product_cat-arts-crafts-collection","7":"product_cat-school-bags","8":"product_cat-coin-purse","10":"first","11":"instock","12":"shipping-taxable","13":"product-type-simple"},"_links":{"self":[{"href":"http:\/\/shinyyoustationery.com\/pt\/wp-json\/wp\/v2\/product\/34252","targetHints":{"allow":["GET"]}}],"collection":[{"href":"http:\/\/shinyyoustationery.com\/pt\/wp-json\/wp\/v2\/product"}],"about":[{"href":"http:\/\/shinyyoustationery.com\/pt\/wp-json\/wp\/v2\/types\/product"}],"version-history":[{"count":0,"href":"http:\/\/shinyyoustationery.com\/pt\/wp-json\/wp\/v2\/product\/34252\/revisions"}],"wp:featuredmedia":[{"embeddable":true,"href":"http:\/\/shinyyoustationery.com\/pt\/wp-json\/wp\/v2\/media\/34253"}],"wp:attachment":[{"href":"http:\/\/shinyyoustationery.com\/pt\/wp-json\/wp\/v2\/media?parent=34252"}],"wp:term":[{"taxonomy":"product_brand","embeddable":true,"href":"http:\/\/shinyyoustationery.com\/pt\/wp-json\/wp\/v2\/product_brand?post=34252"},{"taxonomy":"product_cat","embeddable":true,"href":"http:\/\/shinyyoustationery.com\/pt\/wp-json\/wp\/v2\/product_cat?post=34252"},{"taxonomy":"product_tag","embeddable":true,"href":"http:\/\/shinyyoustationery.com\/pt\/wp-json\/wp\/v2\/product_tag?post=34252"}],"curies":[{"name":"wp","href":"https:\/\/api.w.org\/{rel}","templated":true}]}}