{"id":34264,"date":"2025-07-01T16:12:04","date_gmt":"2025-07-01T08:12:04","guid":{"rendered":"http:\/\/45.63.70.205\/?post_type=product&#038;p=34264"},"modified":"2025-07-01T16:18:10","modified_gmt":"2025-07-01T08:18:10","slug":"colour-your-own-fashion-bag-fun-creative-diy-kit-for-kids","status":"publish","type":"product","link":"http:\/\/shinyyoustationery.com\/pt\/colour-your-own-fashion-bag-fun-creative-diy-kit-for-kids\/","title":{"rendered":"Colora a sua pr\u00f3pria bolsa de moda - Kit DIY divertido e criativo para crian\u00e7as"},"content":{"rendered":"","protected":false},"excerpt":{"rendered":"<p>Deixe a criatividade do seu filho voar alto com este kit DIY \"Colour Your Own Fashion Bag\"! Com um divertido design de dinossauro, este kit inclui uma bolsa de lona branca e marcadores coloridos, permitindo que as crian\u00e7as criem o seu pr\u00f3prio estilo \u00fanico. Ideal para projectos escolares, actividades de artesanato ou como presente personalizado, este conjunto \u00e9 perfeito para jovens artistas que adoram dar o seu toque pessoal aos acess\u00f3rios. Perfeito para anivers\u00e1rios, para a escola ou para actividades de artesanato em casa!<\/p>","protected":false},"featured_media":34266,"template":"","meta":[],"product_brand":[],"product_cat":[404,702],"product_tag":[],"class_list":{"0":"post-34264","1":"product","2":"type-product","3":"status-publish","4":"has-post-thumbnail","6":"product_cat-bags-cases","7":"product_cat-arts-crafts-collection","9":"first","10":"instock","11":"shipping-taxable","12":"product-type-simple"},"_links":{"self":[{"href":"http:\/\/shinyyoustationery.com\/pt\/wp-json\/wp\/v2\/product\/34264","targetHints":{"allow":["GET"]}}],"collection":[{"href":"http:\/\/shinyyoustationery.com\/pt\/wp-json\/wp\/v2\/product"}],"about":[{"href":"http:\/\/shinyyoustationery.com\/pt\/wp-json\/wp\/v2\/types\/product"}],"version-history":[{"count":0,"href":"http:\/\/shinyyoustationery.com\/pt\/wp-json\/wp\/v2\/product\/34264\/revisions"}],"wp:featuredmedia":[{"embeddable":true,"href":"http:\/\/shinyyoustationery.com\/pt\/wp-json\/wp\/v2\/media\/34266"}],"wp:attachment":[{"href":"http:\/\/shinyyoustationery.com\/pt\/wp-json\/wp\/v2\/media?parent=34264"}],"wp:term":[{"taxonomy":"product_brand","embeddable":true,"href":"http:\/\/shinyyoustationery.com\/pt\/wp-json\/wp\/v2\/product_brand?post=34264"},{"taxonomy":"product_cat","embeddable":true,"href":"http:\/\/shinyyoustationery.com\/pt\/wp-json\/wp\/v2\/product_cat?post=34264"},{"taxonomy":"product_tag","embeddable":true,"href":"http:\/\/shinyyoustationery.com\/pt\/wp-json\/wp\/v2\/product_tag?post=34264"}],"curies":[{"name":"wp","href":"https:\/\/api.w.org\/{rel}","templated":true}]}}