{"id":34269,"date":"2025-07-01T16:26:30","date_gmt":"2025-07-01T08:26:30","guid":{"rendered":"http:\/\/45.63.70.205\/?post_type=product&#038;p=34269"},"modified":"2025-07-01T16:26:30","modified_gmt":"2025-07-01T08:26:30","slug":"water-paint-set-for-kids-vibrant-underwater-theme-with-6-pages-and-brush","status":"publish","type":"product","link":"http:\/\/shinyyoustationery.com\/pt\/water-paint-set-for-kids-vibrant-underwater-theme-with-6-pages-and-brush\/","title":{"rendered":"Conjunto de tintas de \u00e1gua para crian\u00e7as - Tema subaqu\u00e1tico vibrante com 6 p\u00e1ginas e pincel"},"content":{"rendered":"","protected":false},"excerpt":{"rendered":"<p>Este conjunto de tintas de \u00e1gua coloridas foi concebido para crian\u00e7as a partir dos 3 anos, com 6 p\u00e1ginas divertidas com temas subaqu\u00e1ticos para pintar. O conjunto inclui tintas f\u00e1ceis de utilizar e um pincel, perfeitos para estimular a criatividade e a express\u00e3o art\u00edstica. Basta adicionar \u00e1gua para ativar as cores vibrantes e dar vida a cada imagem inspirada no oceano. Uma \u00f3ptima atividade para os jovens artistas se divertirem em casa, na escola ou durante os trabalhos manuais!<\/p>","protected":false},"featured_media":34271,"template":"","meta":[],"product_brand":[],"product_cat":[702,331,505],"product_tag":[],"class_list":{"0":"post-34269","1":"product","2":"type-product","3":"status-publish","4":"has-post-thumbnail","6":"product_cat-arts-crafts-collection","7":"product_cat-stationery-set","8":"product_cat-watercolor-paint","10":"first","11":"instock","12":"shipping-taxable","13":"product-type-simple"},"_links":{"self":[{"href":"http:\/\/shinyyoustationery.com\/pt\/wp-json\/wp\/v2\/product\/34269","targetHints":{"allow":["GET"]}}],"collection":[{"href":"http:\/\/shinyyoustationery.com\/pt\/wp-json\/wp\/v2\/product"}],"about":[{"href":"http:\/\/shinyyoustationery.com\/pt\/wp-json\/wp\/v2\/types\/product"}],"version-history":[{"count":0,"href":"http:\/\/shinyyoustationery.com\/pt\/wp-json\/wp\/v2\/product\/34269\/revisions"}],"wp:featuredmedia":[{"embeddable":true,"href":"http:\/\/shinyyoustationery.com\/pt\/wp-json\/wp\/v2\/media\/34271"}],"wp:attachment":[{"href":"http:\/\/shinyyoustationery.com\/pt\/wp-json\/wp\/v2\/media?parent=34269"}],"wp:term":[{"taxonomy":"product_brand","embeddable":true,"href":"http:\/\/shinyyoustationery.com\/pt\/wp-json\/wp\/v2\/product_brand?post=34269"},{"taxonomy":"product_cat","embeddable":true,"href":"http:\/\/shinyyoustationery.com\/pt\/wp-json\/wp\/v2\/product_cat?post=34269"},{"taxonomy":"product_tag","embeddable":true,"href":"http:\/\/shinyyoustationery.com\/pt\/wp-json\/wp\/v2\/product_tag?post=34269"}],"curies":[{"name":"wp","href":"https:\/\/api.w.org\/{rel}","templated":true}]}}