{"id":34274,"date":"2025-07-01T16:41:21","date_gmt":"2025-07-01T08:41:21","guid":{"rendered":"http:\/\/45.63.70.205\/?post_type=product&#038;p=34274"},"modified":"2025-07-01T16:41:21","modified_gmt":"2025-07-01T08:41:21","slug":"mini-whiteboard-set-for-kids-classroom","status":"publish","type":"product","link":"http:\/\/shinyyoustationery.com\/pt\/mini-whiteboard-set-for-kids-classroom\/","title":{"rendered":"Conjunto de mini quadro branco para crian\u00e7as e sala de aula"},"content":{"rendered":"","protected":false},"excerpt":{"rendered":"<p>Este conjunto vibrante de quadros brancos com molduras coloridas (dispon\u00edvel em azul, verde, roxo e vermelho) \u00e9 perfeito para crian\u00e7as, salas de aula e ambientes educativos. Cada conjunto inclui um quadro branco e um marcador, o que o torna uma excelente ferramenta para tomar notas, fazer brainstorming ou actividades criativas. A estrutura robusta e a superf\u00edcie f\u00e1cil de limpar proporcionam divers\u00e3o e funcionalidade, sendo ideais para estudantes, professores ou para utiliza\u00e7\u00e3o em casa.<\/p>","protected":false},"featured_media":34275,"template":"","meta":[],"product_brand":[],"product_cat":[454,702],"product_tag":[],"class_list":{"0":"post-34274","1":"product","2":"type-product","3":"status-publish","4":"has-post-thumbnail","6":"product_cat-whiteboard","7":"product_cat-arts-crafts-collection","9":"first","10":"instock","11":"shipping-taxable","12":"product-type-simple"},"_links":{"self":[{"href":"http:\/\/shinyyoustationery.com\/pt\/wp-json\/wp\/v2\/product\/34274","targetHints":{"allow":["GET"]}}],"collection":[{"href":"http:\/\/shinyyoustationery.com\/pt\/wp-json\/wp\/v2\/product"}],"about":[{"href":"http:\/\/shinyyoustationery.com\/pt\/wp-json\/wp\/v2\/types\/product"}],"version-history":[{"count":0,"href":"http:\/\/shinyyoustationery.com\/pt\/wp-json\/wp\/v2\/product\/34274\/revisions"}],"wp:featuredmedia":[{"embeddable":true,"href":"http:\/\/shinyyoustationery.com\/pt\/wp-json\/wp\/v2\/media\/34275"}],"wp:attachment":[{"href":"http:\/\/shinyyoustationery.com\/pt\/wp-json\/wp\/v2\/media?parent=34274"}],"wp:term":[{"taxonomy":"product_brand","embeddable":true,"href":"http:\/\/shinyyoustationery.com\/pt\/wp-json\/wp\/v2\/product_brand?post=34274"},{"taxonomy":"product_cat","embeddable":true,"href":"http:\/\/shinyyoustationery.com\/pt\/wp-json\/wp\/v2\/product_cat?post=34274"},{"taxonomy":"product_tag","embeddable":true,"href":"http:\/\/shinyyoustationery.com\/pt\/wp-json\/wp\/v2\/product_tag?post=34274"}],"curies":[{"name":"wp","href":"https:\/\/api.w.org\/{rel}","templated":true}]}}