{"id":34280,"date":"2025-07-01T16:46:30","date_gmt":"2025-07-01T08:46:30","guid":{"rendered":"http:\/\/45.63.70.205\/?post_type=product&#038;p=34280"},"modified":"2025-07-07T15:32:58","modified_gmt":"2025-07-07T07:32:58","slug":"sloth-themed-self-coloring-tote-bag-with-markers-creative-diy-kit-for-kids","status":"publish","type":"product","link":"http:\/\/shinyyoustationery.com\/pt\/sloth-themed-self-coloring-tote-bag-with-markers-creative-diy-kit-for-kids\/","title":{"rendered":"Saco com tema de pregui\u00e7a para colorir com marcadores - Kit criativo DIY para crian\u00e7as"},"content":{"rendered":"","protected":false},"excerpt":{"rendered":"<p>Esta divertida \"Tote Bag Auto-colorante\" apresenta um design de pregui\u00e7a, permitindo \u00e0s crian\u00e7as utilizar os 5 marcadores de cores vibrantes inclu\u00eddos para dar vida ao design. Perfeito para crian\u00e7as que adoram fazer trabalhos manuais e personalizar os seus acess\u00f3rios, este kit DIY incentiva a criatividade e \u00e9 ideal para projectos escolares, presentes ou passeios casuais. A bolsa em si \u00e9 feita de lona dur\u00e1vel, tornando-a perfeita para uso di\u00e1rio depois de decorada. Ideal para jovens artistas que pretendem dar o seu toque pessoal aos seus acess\u00f3rios!<\/p>","protected":false},"featured_media":34281,"template":"","meta":[],"product_brand":[],"product_cat":[705,535,702],"product_tag":[],"class_list":{"0":"post-34280","1":"product","2":"type-product","3":"status-publish","4":"has-post-thumbnail","6":"product_cat-tote-bag","7":"product_cat-storage-bag","8":"product_cat-arts-crafts-collection","10":"first","11":"instock","12":"shipping-taxable","13":"product-type-simple"},"_links":{"self":[{"href":"http:\/\/shinyyoustationery.com\/pt\/wp-json\/wp\/v2\/product\/34280","targetHints":{"allow":["GET"]}}],"collection":[{"href":"http:\/\/shinyyoustationery.com\/pt\/wp-json\/wp\/v2\/product"}],"about":[{"href":"http:\/\/shinyyoustationery.com\/pt\/wp-json\/wp\/v2\/types\/product"}],"version-history":[{"count":0,"href":"http:\/\/shinyyoustationery.com\/pt\/wp-json\/wp\/v2\/product\/34280\/revisions"}],"wp:featuredmedia":[{"embeddable":true,"href":"http:\/\/shinyyoustationery.com\/pt\/wp-json\/wp\/v2\/media\/34281"}],"wp:attachment":[{"href":"http:\/\/shinyyoustationery.com\/pt\/wp-json\/wp\/v2\/media?parent=34280"}],"wp:term":[{"taxonomy":"product_brand","embeddable":true,"href":"http:\/\/shinyyoustationery.com\/pt\/wp-json\/wp\/v2\/product_brand?post=34280"},{"taxonomy":"product_cat","embeddable":true,"href":"http:\/\/shinyyoustationery.com\/pt\/wp-json\/wp\/v2\/product_cat?post=34280"},{"taxonomy":"product_tag","embeddable":true,"href":"http:\/\/shinyyoustationery.com\/pt\/wp-json\/wp\/v2\/product_tag?post=34280"}],"curies":[{"name":"wp","href":"https:\/\/api.w.org\/{rel}","templated":true}]}}