{"id":34283,"date":"2025-07-01T16:51:19","date_gmt":"2025-07-01T08:51:19","guid":{"rendered":"http:\/\/45.63.70.205\/?post_type=product&#038;p=34283"},"modified":"2025-07-02T19:57:20","modified_gmt":"2025-07-02T11:57:20","slug":"mini-chalkboard-set-with-colored-chalks-ideal-for-kids-classroom-home","status":"publish","type":"product","link":"http:\/\/shinyyoustationery.com\/pt\/mini-chalkboard-set-with-colored-chalks-ideal-for-kids-classroom-home\/","title":{"rendered":"Conjunto de mini quadros de giz com gizes coloridos - Ideal para crian\u00e7as, sala de aula e casa"},"content":{"rendered":"","protected":false},"excerpt":{"rendered":"<p>Este conjunto de mini quadros de giz \u00e9 perfeito para crian\u00e7as criativas e actividades na sala de aula. Inclui um quadro preto, um conjunto de gizes de cores vibrantes e um apagador, tudo embalado num kit pr\u00e1tico e f\u00e1cil de utilizar. \u00d3timo para actividades de desenho, escrita e aprendizagem, \u00e9 ideal para crian\u00e7as, professores e fam\u00edlias. Perfeito para fazer os trabalhos de casa, brincar ou como uma ferramenta divertida para a express\u00e3o criativa. Quer seja utilizado em casa ou na escola, este conjunto ajuda a fomentar a criatividade e a organiza\u00e7\u00e3o.<\/p>","protected":false},"featured_media":34284,"template":"","meta":[],"product_brand":[],"product_cat":[454,474,702],"product_tag":[],"class_list":{"0":"post-34283","1":"product","2":"type-product","3":"status-publish","4":"has-post-thumbnail","6":"product_cat-whiteboard","7":"product_cat-kids-stationery","8":"product_cat-arts-crafts-collection","10":"first","11":"instock","12":"shipping-taxable","13":"product-type-simple"},"_links":{"self":[{"href":"http:\/\/shinyyoustationery.com\/pt\/wp-json\/wp\/v2\/product\/34283","targetHints":{"allow":["GET"]}}],"collection":[{"href":"http:\/\/shinyyoustationery.com\/pt\/wp-json\/wp\/v2\/product"}],"about":[{"href":"http:\/\/shinyyoustationery.com\/pt\/wp-json\/wp\/v2\/types\/product"}],"version-history":[{"count":0,"href":"http:\/\/shinyyoustationery.com\/pt\/wp-json\/wp\/v2\/product\/34283\/revisions"}],"wp:featuredmedia":[{"embeddable":true,"href":"http:\/\/shinyyoustationery.com\/pt\/wp-json\/wp\/v2\/media\/34284"}],"wp:attachment":[{"href":"http:\/\/shinyyoustationery.com\/pt\/wp-json\/wp\/v2\/media?parent=34283"}],"wp:term":[{"taxonomy":"product_brand","embeddable":true,"href":"http:\/\/shinyyoustationery.com\/pt\/wp-json\/wp\/v2\/product_brand?post=34283"},{"taxonomy":"product_cat","embeddable":true,"href":"http:\/\/shinyyoustationery.com\/pt\/wp-json\/wp\/v2\/product_cat?post=34283"},{"taxonomy":"product_tag","embeddable":true,"href":"http:\/\/shinyyoustationery.com\/pt\/wp-json\/wp\/v2\/product_tag?post=34283"}],"curies":[{"name":"wp","href":"https:\/\/api.w.org\/{rel}","templated":true}]}}