{"id":34286,"date":"2025-07-01T16:55:43","date_gmt":"2025-07-01T08:55:43","guid":{"rendered":"http:\/\/45.63.70.205\/?post_type=product&#038;p=34286"},"modified":"2025-07-02T19:57:07","modified_gmt":"2025-07-02T11:57:07","slug":"blue-portable-mini-chalkboard-set-perfect-for-kids-learning-drawing-at-home-or-school","status":"publish","type":"product","link":"http:\/\/shinyyoustationery.com\/pt\/blue-portable-mini-chalkboard-set-perfect-for-kids-learning-drawing-at-home-or-school\/","title":{"rendered":"Conjunto de mini-quadro de giz azul port\u00e1til - Perfeito para as crian\u00e7as aprenderem e desenharem em casa ou na escola"},"content":{"rendered":"","protected":false},"excerpt":{"rendered":"<p>Este conjunto compacto de mini quadros de giz com moldura azul \u00e9 ideal para jovens aprendizes e artistas em in\u00edcio de carreira. Completo com gizes coloridos e um pequeno apagador, \u00e9 perfeito para praticar a escrita, desenhar ou jogar jogos educativos. Leve e f\u00e1cil de transportar, \u00e9 \u00f3timo para utilizar em casa, nas salas de aula ou durante as viagens. Uma ferramenta divertida e reutiliz\u00e1vel para a criatividade das crian\u00e7as e a educa\u00e7\u00e3o infantil.<\/p>","protected":false},"featured_media":34287,"template":"","meta":[],"product_brand":[],"product_cat":[454,474,702],"product_tag":[],"class_list":{"0":"post-34286","1":"product","2":"type-product","3":"status-publish","4":"has-post-thumbnail","6":"product_cat-whiteboard","7":"product_cat-kids-stationery","8":"product_cat-arts-crafts-collection","10":"first","11":"instock","12":"shipping-taxable","13":"product-type-simple"},"_links":{"self":[{"href":"http:\/\/shinyyoustationery.com\/pt\/wp-json\/wp\/v2\/product\/34286","targetHints":{"allow":["GET"]}}],"collection":[{"href":"http:\/\/shinyyoustationery.com\/pt\/wp-json\/wp\/v2\/product"}],"about":[{"href":"http:\/\/shinyyoustationery.com\/pt\/wp-json\/wp\/v2\/types\/product"}],"version-history":[{"count":0,"href":"http:\/\/shinyyoustationery.com\/pt\/wp-json\/wp\/v2\/product\/34286\/revisions"}],"wp:featuredmedia":[{"embeddable":true,"href":"http:\/\/shinyyoustationery.com\/pt\/wp-json\/wp\/v2\/media\/34287"}],"wp:attachment":[{"href":"http:\/\/shinyyoustationery.com\/pt\/wp-json\/wp\/v2\/media?parent=34286"}],"wp:term":[{"taxonomy":"product_brand","embeddable":true,"href":"http:\/\/shinyyoustationery.com\/pt\/wp-json\/wp\/v2\/product_brand?post=34286"},{"taxonomy":"product_cat","embeddable":true,"href":"http:\/\/shinyyoustationery.com\/pt\/wp-json\/wp\/v2\/product_cat?post=34286"},{"taxonomy":"product_tag","embeddable":true,"href":"http:\/\/shinyyoustationery.com\/pt\/wp-json\/wp\/v2\/product_tag?post=34286"}],"curies":[{"name":"wp","href":"https:\/\/api.w.org\/{rel}","templated":true}]}}