{"id":34665,"date":"2025-07-04T18:53:35","date_gmt":"2025-07-04T10:53:35","guid":{"rendered":"http:\/\/45.63.70.205\/?post_type=product&#038;p=34665"},"modified":"2025-08-13T23:29:33","modified_gmt":"2025-08-14T07:29:33","slug":"vibrant-purple-and-green-desk-calendar-with-memo-pads-for-home-officer","status":"publish","type":"product","link":"http:\/\/shinyyoustationery.com\/pt\/vibrant-purple-and-green-desk-calendar-with-memo-pads-for-home-officer\/","title":{"rendered":"Calend\u00e1rio de secret\u00e1ria roxo e verde vibrante com blocos de notas para casa e escrit\u00f3rio"},"content":{"rendered":"","protected":false},"excerpt":{"rendered":"<p>Ilumine o seu espa\u00e7o de trabalho com o calend\u00e1rio de secret\u00e1ria Shiny You roxo e verde vibrante. Perfeito para criativos, estudantes ou profissionais, apresenta um design art\u00edstico e pr\u00e1ticos blocos de notas para anotar notas e lembretes. Um complemento funcional e bonito para qualquer secret\u00e1ria!<\/p>","protected":false},"featured_media":34667,"template":"","meta":[],"product_brand":[],"product_cat":[452],"product_tag":[],"class_list":{"0":"post-34665","1":"product","2":"type-product","3":"status-publish","4":"has-post-thumbnail","6":"product_cat-calendar","8":"first","9":"instock","10":"shipping-taxable","11":"product-type-simple"},"_links":{"self":[{"href":"http:\/\/shinyyoustationery.com\/pt\/wp-json\/wp\/v2\/product\/34665","targetHints":{"allow":["GET"]}}],"collection":[{"href":"http:\/\/shinyyoustationery.com\/pt\/wp-json\/wp\/v2\/product"}],"about":[{"href":"http:\/\/shinyyoustationery.com\/pt\/wp-json\/wp\/v2\/types\/product"}],"version-history":[{"count":0,"href":"http:\/\/shinyyoustationery.com\/pt\/wp-json\/wp\/v2\/product\/34665\/revisions"}],"wp:featuredmedia":[{"embeddable":true,"href":"http:\/\/shinyyoustationery.com\/pt\/wp-json\/wp\/v2\/media\/34667"}],"wp:attachment":[{"href":"http:\/\/shinyyoustationery.com\/pt\/wp-json\/wp\/v2\/media?parent=34665"}],"wp:term":[{"taxonomy":"product_brand","embeddable":true,"href":"http:\/\/shinyyoustationery.com\/pt\/wp-json\/wp\/v2\/product_brand?post=34665"},{"taxonomy":"product_cat","embeddable":true,"href":"http:\/\/shinyyoustationery.com\/pt\/wp-json\/wp\/v2\/product_cat?post=34665"},{"taxonomy":"product_tag","embeddable":true,"href":"http:\/\/shinyyoustationery.com\/pt\/wp-json\/wp\/v2\/product_tag?post=34665"}],"curies":[{"name":"wp","href":"https:\/\/api.w.org\/{rel}","templated":true}]}}