{"id":34796,"date":"2025-07-07T16:33:59","date_gmt":"2025-07-07T08:33:59","guid":{"rendered":"http:\/\/45.63.70.205\/?post_type=product&#038;p=34796"},"modified":"2025-07-07T16:33:59","modified_gmt":"2025-07-07T08:33:59","slug":"gel-ink-pens-for-school-office","status":"publish","type":"product","link":"http:\/\/shinyyoustationery.com\/pt\/gel-ink-pens-for-school-office\/","title":{"rendered":"Canetas de tinta de gel para a escola e o escrit\u00f3rio"},"content":{"rendered":"","protected":false},"excerpt":{"rendered":"<p>D\u00ea um toque de cor \u00e0 sua escrita com as vibrantes canetas de tinta gel do Shiny You. Quer seja um estudante a tomar notas, um profissional a anotar ideias ou um artista a esbo\u00e7ar a sua pr\u00f3xima obra-prima, estas canetas oferecem uma escrita suave e uma variedade de cores deslumbrantes para corresponder ao seu estilo e necessidades. Perfeitas para uso di\u00e1rio, projectos criativos e ambientes de escrit\u00f3rio, as canetas Shiny You tornam cada tra\u00e7o uma alegria.<\/p>","protected":false},"featured_media":34784,"template":"","meta":[],"product_brand":[],"product_cat":[491,415,410],"product_tag":[],"class_list":{"0":"post-34796","1":"product","2":"type-product","3":"status-publish","4":"has-post-thumbnail","6":"product_cat-gel-pen","7":"product_cat-pen","8":"product_cat-writing-instruments","10":"first","11":"instock","12":"shipping-taxable","13":"product-type-simple"},"_links":{"self":[{"href":"http:\/\/shinyyoustationery.com\/pt\/wp-json\/wp\/v2\/product\/34796","targetHints":{"allow":["GET"]}}],"collection":[{"href":"http:\/\/shinyyoustationery.com\/pt\/wp-json\/wp\/v2\/product"}],"about":[{"href":"http:\/\/shinyyoustationery.com\/pt\/wp-json\/wp\/v2\/types\/product"}],"version-history":[{"count":0,"href":"http:\/\/shinyyoustationery.com\/pt\/wp-json\/wp\/v2\/product\/34796\/revisions"}],"wp:featuredmedia":[{"embeddable":true,"href":"http:\/\/shinyyoustationery.com\/pt\/wp-json\/wp\/v2\/media\/34784"}],"wp:attachment":[{"href":"http:\/\/shinyyoustationery.com\/pt\/wp-json\/wp\/v2\/media?parent=34796"}],"wp:term":[{"taxonomy":"product_brand","embeddable":true,"href":"http:\/\/shinyyoustationery.com\/pt\/wp-json\/wp\/v2\/product_brand?post=34796"},{"taxonomy":"product_cat","embeddable":true,"href":"http:\/\/shinyyoustationery.com\/pt\/wp-json\/wp\/v2\/product_cat?post=34796"},{"taxonomy":"product_tag","embeddable":true,"href":"http:\/\/shinyyoustationery.com\/pt\/wp-json\/wp\/v2\/product_tag?post=34796"}],"curies":[{"name":"wp","href":"https:\/\/api.w.org\/{rel}","templated":true}]}}