{"id":34806,"date":"2025-07-07T17:40:12","date_gmt":"2025-07-07T09:40:12","guid":{"rendered":"http:\/\/45.63.70.205\/?post_type=product&#038;p=34806"},"modified":"2025-07-07T17:41:39","modified_gmt":"2025-07-07T09:41:39","slug":"20cm-flexible-pink-ruler-ideal-for-girls","status":"publish","type":"product","link":"http:\/\/shinyyoustationery.com\/pt\/20cm-flexible-pink-ruler-ideal-for-girls\/","title":{"rendered":"R\u00e9gua cor-de-rosa flex\u00edvel de 20 cm - Ideal para raparigas"},"content":{"rendered":"","protected":false},"excerpt":{"rendered":"<p>Adicione divers\u00e3o e funcionalidade aos seus artigos de papelaria com a r\u00e9gua flex\u00edvel Shiny You 20CM em rosa vivo! Concebida a pensar nas raparigas, esta r\u00e9gua elegante e dobr\u00e1vel \u00e9 perfeita para trabalhos escolares, di\u00e1rios e projectos criativos. O seu design leve e inquebr\u00e1vel torna-a f\u00e1cil de transportar e segura de utilizar - perfeita para mochilas, estojos de l\u00e1pis e utiliza\u00e7\u00e3o di\u00e1ria.<\/p>","protected":false},"featured_media":34807,"template":"","meta":[],"product_brand":[],"product_cat":[475,397,424],"product_tag":[],"class_list":{"0":"post-34806","1":"product","2":"type-product","3":"status-publish","4":"has-post-thumbnail","6":"product_cat-rulers-measuring-tools","7":"product_cat-basic-office-stationery","8":"product_cat-straight-ruler","10":"first","11":"instock","12":"shipping-taxable","13":"product-type-simple"},"_links":{"self":[{"href":"http:\/\/shinyyoustationery.com\/pt\/wp-json\/wp\/v2\/product\/34806","targetHints":{"allow":["GET"]}}],"collection":[{"href":"http:\/\/shinyyoustationery.com\/pt\/wp-json\/wp\/v2\/product"}],"about":[{"href":"http:\/\/shinyyoustationery.com\/pt\/wp-json\/wp\/v2\/types\/product"}],"version-history":[{"count":0,"href":"http:\/\/shinyyoustationery.com\/pt\/wp-json\/wp\/v2\/product\/34806\/revisions"}],"wp:featuredmedia":[{"embeddable":true,"href":"http:\/\/shinyyoustationery.com\/pt\/wp-json\/wp\/v2\/media\/34807"}],"wp:attachment":[{"href":"http:\/\/shinyyoustationery.com\/pt\/wp-json\/wp\/v2\/media?parent=34806"}],"wp:term":[{"taxonomy":"product_brand","embeddable":true,"href":"http:\/\/shinyyoustationery.com\/pt\/wp-json\/wp\/v2\/product_brand?post=34806"},{"taxonomy":"product_cat","embeddable":true,"href":"http:\/\/shinyyoustationery.com\/pt\/wp-json\/wp\/v2\/product_cat?post=34806"},{"taxonomy":"product_tag","embeddable":true,"href":"http:\/\/shinyyoustationery.com\/pt\/wp-json\/wp\/v2\/product_tag?post=34806"}],"curies":[{"name":"wp","href":"https:\/\/api.w.org\/{rel}","templated":true}]}}