{"id":34811,"date":"2025-07-07T17:49:34","date_gmt":"2025-07-07T09:49:34","guid":{"rendered":"http:\/\/45.63.70.205\/?post_type=product&#038;p=34811"},"modified":"2025-07-07T17:54:08","modified_gmt":"2025-07-07T09:54:08","slug":"pink-sparkle-ruler-for-kids-and-students-15cm","status":"publish","type":"product","link":"http:\/\/shinyyoustationery.com\/pt\/pink-sparkle-ruler-for-kids-and-students-15cm\/","title":{"rendered":"R\u00e9gua cintilante cor-de-rosa para crian\u00e7as e estudantes - 15cm"},"content":{"rendered":"","protected":false},"excerpt":{"rendered":"<p>D\u00ea um toque de divers\u00e3o ao seu material escolar com esta r\u00e9gua rosa vibrante e cintilante. Perfeita para crian\u00e7as e estudantes, apresenta medidas em polegadas e cent\u00edmetros, tornando-a ideal para todas as suas necessidades de desenho, trabalhos manuais e trabalhos de casa. O design elegante confere personalidade a qualquer espa\u00e7o de trabalho!<\/p>","protected":false},"featured_media":34812,"template":"","meta":[],"product_brand":[],"product_cat":[475,397,424],"product_tag":[],"class_list":{"0":"post-34811","1":"product","2":"type-product","3":"status-publish","4":"has-post-thumbnail","6":"product_cat-rulers-measuring-tools","7":"product_cat-basic-office-stationery","8":"product_cat-straight-ruler","10":"first","11":"instock","12":"shipping-taxable","13":"product-type-simple"},"_links":{"self":[{"href":"http:\/\/shinyyoustationery.com\/pt\/wp-json\/wp\/v2\/product\/34811","targetHints":{"allow":["GET"]}}],"collection":[{"href":"http:\/\/shinyyoustationery.com\/pt\/wp-json\/wp\/v2\/product"}],"about":[{"href":"http:\/\/shinyyoustationery.com\/pt\/wp-json\/wp\/v2\/types\/product"}],"version-history":[{"count":0,"href":"http:\/\/shinyyoustationery.com\/pt\/wp-json\/wp\/v2\/product\/34811\/revisions"}],"wp:featuredmedia":[{"embeddable":true,"href":"http:\/\/shinyyoustationery.com\/pt\/wp-json\/wp\/v2\/media\/34812"}],"wp:attachment":[{"href":"http:\/\/shinyyoustationery.com\/pt\/wp-json\/wp\/v2\/media?parent=34811"}],"wp:term":[{"taxonomy":"product_brand","embeddable":true,"href":"http:\/\/shinyyoustationery.com\/pt\/wp-json\/wp\/v2\/product_brand?post=34811"},{"taxonomy":"product_cat","embeddable":true,"href":"http:\/\/shinyyoustationery.com\/pt\/wp-json\/wp\/v2\/product_cat?post=34811"},{"taxonomy":"product_tag","embeddable":true,"href":"http:\/\/shinyyoustationery.com\/pt\/wp-json\/wp\/v2\/product_tag?post=34811"}],"curies":[{"name":"wp","href":"https:\/\/api.w.org\/{rel}","templated":true}]}}