{"id":34847,"date":"2025-07-08T10:50:46","date_gmt":"2025-07-08T02:50:46","guid":{"rendered":"http:\/\/45.63.70.205\/?post_type=product&#038;p=34847"},"modified":"2025-07-08T10:50:46","modified_gmt":"2025-07-08T02:50:46","slug":"wholesale-a4-printer-paper-80-gsm-multi-purpose-office-copy-paper","status":"publish","type":"product","link":"http:\/\/shinyyoustationery.com\/pt\/wholesale-a4-printer-paper-80-gsm-multi-purpose-office-copy-paper\/","title":{"rendered":"Papel de impress\u00e3o A4 por grosso 80 Gsm Papel de c\u00f3pia multifun\u00e7\u00f5es para escrit\u00f3rio"},"content":{"rendered":"","protected":false},"excerpt":{"rendered":"<p>Este papel A4 \u00e9 perfeito para todas as suas necessidades de impress\u00e3o no escrit\u00f3rio e em casa. Com uma gramagem de 80 GSM e um design suave e multifuncional, garante sempre impress\u00f5es n\u00edtidas e claras. Cada embalagem cont\u00e9m v\u00e1rias resmas, o que a torna uma escolha econ\u00f3mica para utiliza\u00e7\u00e3o em grandes quantidades. Ideal para impressoras, fotocopiadoras e muito mais, este papel de alta qualidade \u00e9 uma solu\u00e7\u00e3o fi\u00e1vel para as tarefas de impress\u00e3o di\u00e1rias.<\/p>","protected":false},"featured_media":34849,"template":"","meta":[],"product_brand":[],"product_cat":[389,384,674],"product_tag":[],"class_list":{"0":"post-34847","1":"product","2":"type-product","3":"status-publish","4":"has-post-thumbnail","6":"product_cat-printer-paper","7":"product_cat-paper-supplies","8":"product_cat-office-paper","10":"first","11":"instock","12":"shipping-taxable","13":"product-type-simple"},"_links":{"self":[{"href":"http:\/\/shinyyoustationery.com\/pt\/wp-json\/wp\/v2\/product\/34847","targetHints":{"allow":["GET"]}}],"collection":[{"href":"http:\/\/shinyyoustationery.com\/pt\/wp-json\/wp\/v2\/product"}],"about":[{"href":"http:\/\/shinyyoustationery.com\/pt\/wp-json\/wp\/v2\/types\/product"}],"version-history":[{"count":0,"href":"http:\/\/shinyyoustationery.com\/pt\/wp-json\/wp\/v2\/product\/34847\/revisions"}],"wp:featuredmedia":[{"embeddable":true,"href":"http:\/\/shinyyoustationery.com\/pt\/wp-json\/wp\/v2\/media\/34849"}],"wp:attachment":[{"href":"http:\/\/shinyyoustationery.com\/pt\/wp-json\/wp\/v2\/media?parent=34847"}],"wp:term":[{"taxonomy":"product_brand","embeddable":true,"href":"http:\/\/shinyyoustationery.com\/pt\/wp-json\/wp\/v2\/product_brand?post=34847"},{"taxonomy":"product_cat","embeddable":true,"href":"http:\/\/shinyyoustationery.com\/pt\/wp-json\/wp\/v2\/product_cat?post=34847"},{"taxonomy":"product_tag","embeddable":true,"href":"http:\/\/shinyyoustationery.com\/pt\/wp-json\/wp\/v2\/product_tag?post=34847"}],"curies":[{"name":"wp","href":"https:\/\/api.w.org\/{rel}","templated":true}]}}