{"id":34859,"date":"2025-07-08T13:22:17","date_gmt":"2025-07-08T05:22:17","guid":{"rendered":"http:\/\/45.63.70.205\/?post_type=product&#038;p=34859"},"modified":"2025-07-14T02:57:54","modified_gmt":"2025-07-14T10:57:54","slug":"large-binder-clip-plastic-bulldog-clip-hinge-paper-clips-file-clamps-office-school-supplies","status":"publish","type":"product","link":"http:\/\/shinyyoustationery.com\/pt\/large-binder-clip-plastic-bulldog-clip-hinge-paper-clips-file-clamps-office-school-supplies\/","title":{"rendered":"Clipe para encaderna\u00e7\u00e3o grande Clipe de pl\u00e1stico Bulldog Clipe de dobradi\u00e7a Clips de papel Grampos de arquivo Material escolar de escrit\u00f3rio"},"content":{"rendered":"","protected":false},"excerpt":{"rendered":"<p>Mantenha os seus pap\u00e9is e documentos organizados com este clipe de pl\u00e1stico grande para fich\u00e1rio. Perfeito para utiliza\u00e7\u00e3o no escrit\u00f3rio, na escola ou em casa, possui um design de dobradi\u00e7a robusto e uma forte ader\u00eancia para segurar os pap\u00e9is com seguran\u00e7a. A sua constru\u00e7\u00e3o em pl\u00e1stico dur\u00e1vel e o seu design pr\u00e1tico fazem dele uma ferramenta essencial para gerir ficheiros, notas e muito mais.<\/p>","protected":false},"featured_media":34861,"template":"","meta":[],"product_brand":[],"product_cat":[422],"product_tag":[],"class_list":{"0":"post-34859","1":"product","2":"type-product","3":"status-publish","4":"has-post-thumbnail","6":"product_cat-binder-clip","8":"first","9":"instock","10":"shipping-taxable","11":"product-type-simple"},"_links":{"self":[{"href":"http:\/\/shinyyoustationery.com\/pt\/wp-json\/wp\/v2\/product\/34859","targetHints":{"allow":["GET"]}}],"collection":[{"href":"http:\/\/shinyyoustationery.com\/pt\/wp-json\/wp\/v2\/product"}],"about":[{"href":"http:\/\/shinyyoustationery.com\/pt\/wp-json\/wp\/v2\/types\/product"}],"version-history":[{"count":0,"href":"http:\/\/shinyyoustationery.com\/pt\/wp-json\/wp\/v2\/product\/34859\/revisions"}],"wp:featuredmedia":[{"embeddable":true,"href":"http:\/\/shinyyoustationery.com\/pt\/wp-json\/wp\/v2\/media\/34861"}],"wp:attachment":[{"href":"http:\/\/shinyyoustationery.com\/pt\/wp-json\/wp\/v2\/media?parent=34859"}],"wp:term":[{"taxonomy":"product_brand","embeddable":true,"href":"http:\/\/shinyyoustationery.com\/pt\/wp-json\/wp\/v2\/product_brand?post=34859"},{"taxonomy":"product_cat","embeddable":true,"href":"http:\/\/shinyyoustationery.com\/pt\/wp-json\/wp\/v2\/product_cat?post=34859"},{"taxonomy":"product_tag","embeddable":true,"href":"http:\/\/shinyyoustationery.com\/pt\/wp-json\/wp\/v2\/product_tag?post=34859"}],"curies":[{"name":"wp","href":"https:\/\/api.w.org\/{rel}","templated":true}]}}