{"id":34865,"date":"2025-07-08T13:51:19","date_gmt":"2025-07-08T05:51:19","guid":{"rendered":"http:\/\/45.63.70.205\/?post_type=product&#038;p=34865"},"modified":"2025-07-08T13:51:19","modified_gmt":"2025-07-08T05:51:19","slug":"10-pack-pink-bulldog-clips-for-office-school","status":"publish","type":"product","link":"http:\/\/shinyyoustationery.com\/pt\/10-pack-pink-bulldog-clips-for-office-school\/","title":{"rendered":"Conjunto de 10 clipes Bulldog cor-de-rosa para escrit\u00f3rio e escola"},"content":{"rendered":"","protected":false},"excerpt":{"rendered":"<p>Ilumine o seu espa\u00e7o de trabalho com estes elegantes clips de bulldog cor-de-rosa da Shiny You. Este conjunto de 10 clips inclui uma mistura de detalhes em ouro rosa, cinzento e branco, cada um adornado com mensagens positivas como \"Dream Big\" e \"Love You\". Ideal para organizar documentos no escrit\u00f3rio, na escola ou mesmo para projectos criativos de artes e of\u00edcios, estes clips duradouros combinam funcionalidade e eleg\u00e2ncia.<\/p>","protected":false},"featured_media":34867,"template":"","meta":[],"product_brand":[],"product_cat":[422],"product_tag":[],"class_list":{"0":"post-34865","1":"product","2":"type-product","3":"status-publish","4":"has-post-thumbnail","6":"product_cat-binder-clip","8":"first","9":"instock","10":"shipping-taxable","11":"product-type-simple"},"_links":{"self":[{"href":"http:\/\/shinyyoustationery.com\/pt\/wp-json\/wp\/v2\/product\/34865","targetHints":{"allow":["GET"]}}],"collection":[{"href":"http:\/\/shinyyoustationery.com\/pt\/wp-json\/wp\/v2\/product"}],"about":[{"href":"http:\/\/shinyyoustationery.com\/pt\/wp-json\/wp\/v2\/types\/product"}],"version-history":[{"count":0,"href":"http:\/\/shinyyoustationery.com\/pt\/wp-json\/wp\/v2\/product\/34865\/revisions"}],"wp:featuredmedia":[{"embeddable":true,"href":"http:\/\/shinyyoustationery.com\/pt\/wp-json\/wp\/v2\/media\/34867"}],"wp:attachment":[{"href":"http:\/\/shinyyoustationery.com\/pt\/wp-json\/wp\/v2\/media?parent=34865"}],"wp:term":[{"taxonomy":"product_brand","embeddable":true,"href":"http:\/\/shinyyoustationery.com\/pt\/wp-json\/wp\/v2\/product_brand?post=34865"},{"taxonomy":"product_cat","embeddable":true,"href":"http:\/\/shinyyoustationery.com\/pt\/wp-json\/wp\/v2\/product_cat?post=34865"},{"taxonomy":"product_tag","embeddable":true,"href":"http:\/\/shinyyoustationery.com\/pt\/wp-json\/wp\/v2\/product_tag?post=34865"}],"curies":[{"name":"wp","href":"https:\/\/api.w.org\/{rel}","templated":true}]}}