{"id":35310,"date":"2025-07-09T17:32:12","date_gmt":"2025-07-09T09:32:12","guid":{"rendered":"http:\/\/45.63.70.205\/?post_type=product&#038;p=35310"},"modified":"2025-07-09T19:01:37","modified_gmt":"2025-07-09T11:01:37","slug":"wholesale-pack-of-12-pink-pencils-for-school-office","status":"publish","type":"product","link":"http:\/\/shinyyoustationery.com\/pt\/wholesale-pack-of-12-pink-pencils-for-school-office\/","title":{"rendered":"Pacote grossista de 12 l\u00e1pis cor-de-rosa para a escola e o escrit\u00f3rio"},"content":{"rendered":"","protected":false},"excerpt":{"rendered":"<p>Este pacote de 12 l\u00e1pis cor-de-rosa premium \u00e9 perfeito para a escola, escrit\u00f3rio e uso pessoal. Cada l\u00e1pis \u00e9 fabricado com madeira de alta qualidade, garantindo durabilidade e uma escrita suave. O design cor-de-rosa vibrante d\u00e1 um toque divertido ao seu espa\u00e7o de trabalho ou sala de aula. Embalados num tubo transparente e pr\u00e1tico, estes l\u00e1pis s\u00e3o f\u00e1ceis de transportar e guardar. Quer esteja a tomar notas, a desenhar ou simplesmente a dar um toque de cor ao seu trabalho, estes l\u00e1pis foram concebidos para satisfazer todas as suas necessidades.<\/p>","protected":false},"featured_media":35311,"template":"","meta":[],"product_brand":[],"product_cat":[416,415,331,410],"product_tag":[],"class_list":{"0":"post-35310","1":"product","2":"type-product","3":"status-publish","4":"has-post-thumbnail","6":"product_cat-pencil","7":"product_cat-pen","8":"product_cat-stationery-set","9":"product_cat-writing-instruments","11":"first","12":"instock","13":"shipping-taxable","14":"product-type-simple"},"_links":{"self":[{"href":"http:\/\/shinyyoustationery.com\/pt\/wp-json\/wp\/v2\/product\/35310","targetHints":{"allow":["GET"]}}],"collection":[{"href":"http:\/\/shinyyoustationery.com\/pt\/wp-json\/wp\/v2\/product"}],"about":[{"href":"http:\/\/shinyyoustationery.com\/pt\/wp-json\/wp\/v2\/types\/product"}],"version-history":[{"count":0,"href":"http:\/\/shinyyoustationery.com\/pt\/wp-json\/wp\/v2\/product\/35310\/revisions"}],"wp:featuredmedia":[{"embeddable":true,"href":"http:\/\/shinyyoustationery.com\/pt\/wp-json\/wp\/v2\/media\/35311"}],"wp:attachment":[{"href":"http:\/\/shinyyoustationery.com\/pt\/wp-json\/wp\/v2\/media?parent=35310"}],"wp:term":[{"taxonomy":"product_brand","embeddable":true,"href":"http:\/\/shinyyoustationery.com\/pt\/wp-json\/wp\/v2\/product_brand?post=35310"},{"taxonomy":"product_cat","embeddable":true,"href":"http:\/\/shinyyoustationery.com\/pt\/wp-json\/wp\/v2\/product_cat?post=35310"},{"taxonomy":"product_tag","embeddable":true,"href":"http:\/\/shinyyoustationery.com\/pt\/wp-json\/wp\/v2\/product_tag?post=35310"}],"curies":[{"name":"wp","href":"https:\/\/api.w.org\/{rel}","templated":true}]}}