{"id":35323,"date":"2025-07-09T19:19:55","date_gmt":"2025-07-09T11:19:55","guid":{"rendered":"http:\/\/45.63.70.205\/?post_type=product&#038;p=35323"},"modified":"2025-07-09T19:22:43","modified_gmt":"2025-07-09T11:22:43","slug":"pack-of-12-bright-pink-pencils-with-erasers-for-school-office","status":"publish","type":"product","link":"http:\/\/shinyyoustationery.com\/pt\/pack-of-12-bright-pink-pencils-with-erasers-for-school-office\/","title":{"rendered":"Conjunto de 12 l\u00e1pis cor-de-rosa brilhantes com borracha para a escola e o escrit\u00f3rio"},"content":{"rendered":"","protected":false},"excerpt":{"rendered":"<p>Este pacote de 12 l\u00e1pis cor-de-rosa brilhante \u00e9 perfeito para utiliza\u00e7\u00e3o na escola e no escrit\u00f3rio, oferecendo um toque vibrante \u00e0 sua cole\u00e7\u00e3o de artigos de papelaria. Cada l\u00e1pis \u00e9 fabricado com madeira de alta qualidade e possui uma mina HB suave e f\u00e1cil de escrever, tornando-o ideal para escrever, desenhar e tomar notas. As borrachas no topo permitem correc\u00e7\u00f5es r\u00e1pidas e eficientes, garantindo um espa\u00e7o de trabalho limpo e arrumado. A cor rosa arrojada torna estes l\u00e1pis f\u00e1ceis de identificar no seu estojo, secret\u00e1ria ou sala de aula. Quer seja estudante, professor ou profissional, estes l\u00e1pis elegantes s\u00e3o funcionais e elegantes para todas as suas necessidades de escrita.<\/p>","protected":false},"featured_media":35324,"template":"","meta":[],"product_brand":[],"product_cat":[416,331,410,415],"product_tag":[],"class_list":{"0":"post-35323","1":"product","2":"type-product","3":"status-publish","4":"has-post-thumbnail","6":"product_cat-pencil","7":"product_cat-stationery-set","8":"product_cat-writing-instruments","9":"product_cat-pen","11":"first","12":"instock","13":"shipping-taxable","14":"product-type-simple"},"_links":{"self":[{"href":"http:\/\/shinyyoustationery.com\/pt\/wp-json\/wp\/v2\/product\/35323","targetHints":{"allow":["GET"]}}],"collection":[{"href":"http:\/\/shinyyoustationery.com\/pt\/wp-json\/wp\/v2\/product"}],"about":[{"href":"http:\/\/shinyyoustationery.com\/pt\/wp-json\/wp\/v2\/types\/product"}],"version-history":[{"count":0,"href":"http:\/\/shinyyoustationery.com\/pt\/wp-json\/wp\/v2\/product\/35323\/revisions"}],"wp:featuredmedia":[{"embeddable":true,"href":"http:\/\/shinyyoustationery.com\/pt\/wp-json\/wp\/v2\/media\/35324"}],"wp:attachment":[{"href":"http:\/\/shinyyoustationery.com\/pt\/wp-json\/wp\/v2\/media?parent=35323"}],"wp:term":[{"taxonomy":"product_brand","embeddable":true,"href":"http:\/\/shinyyoustationery.com\/pt\/wp-json\/wp\/v2\/product_brand?post=35323"},{"taxonomy":"product_cat","embeddable":true,"href":"http:\/\/shinyyoustationery.com\/pt\/wp-json\/wp\/v2\/product_cat?post=35323"},{"taxonomy":"product_tag","embeddable":true,"href":"http:\/\/shinyyoustationery.com\/pt\/wp-json\/wp\/v2\/product_tag?post=35323"}],"curies":[{"name":"wp","href":"https:\/\/api.w.org\/{rel}","templated":true}]}}